{"id":68,"date":"2019-11-23T18:27:16","date_gmt":"2019-11-23T17:27:16","guid":{"rendered":"https:\/\/littlechamp.simpleclicks.at\/?page_id=68"},"modified":"2025-10-08T16:13:10","modified_gmt":"2025-10-08T14:13:10","slug":"kontakt","status":"publish","type":"page","link":"https:\/\/littlechamp.at\/?page_id=68","title":{"rendered":"Ihre Anfrage"},"content":{"rendered":"\n<h1 class=\"wp-block-heading\">Kontaktadresse<\/h1>\n\n\n\n<p><strong>Little Champ Motion- und Tennisschule<\/strong><br>9300 St. Veit an der Glan<br>Tel.: +43 676 8980 8614&nbsp;<br>E-Mail: <a href=\"mailto:office@littlechamp.at\">office@littlechamp.at<\/a><br>W:&nbsp;<a rel=\"noreferrer noopener\" href=\"http:\/\/www.littlechamp.at\/\" target=\"_blank\">www.littlechamp.at<\/a><\/p>\n\n\n\n<h1 class=\"wp-block-heading\">Online Anfrage bitte per E-Mail<\/h1>\n\n\n\n\n\n<div class=\"wp-block-file\"><a id=\"wp-block-file--media-e3dcc651-9230-4189-adaa-0c63cfeec08f\" href=\"https:\/\/littlechamp.simpleclicks.at\/wp-content\/uploads\/2019\/12\/Geschaeftsbedingungen_2018-1.pdf\">Geschaeftsbedingungen_2018-1<\/a><a href=\"https:\/\/littlechamp.simpleclicks.at\/wp-content\/uploads\/2019\/12\/Geschaeftsbedingungen_2018-1.pdf\" class=\"wp-block-file__button wp-element-button\" download aria-describedby=\"wp-block-file--media-e3dcc651-9230-4189-adaa-0c63cfeec08f\">Herunterladen<\/a><\/div>\n\n\n\n<div class=\"wp-block-file\"><a id=\"wp-block-file--media-7cc33ebe-afe3-4487-a385-17d7762fd0ca\" href=\"https:\/\/littlechamp.simpleclicks.at\/wp-content\/uploads\/2019\/12\/Datenschutzrichtlinien_2018-1.pdf\">Datenschutzrichtlinien_2018-1<\/a><a href=\"https:\/\/littlechamp.simpleclicks.at\/wp-content\/uploads\/2019\/12\/Datenschutzrichtlinien_2018-1.pdf\" class=\"wp-block-file__button wp-element-button\" download aria-describedby=\"wp-block-file--media-7cc33ebe-afe3-4487-a385-17d7762fd0ca\">Herunterladen<\/a><\/div>\n\n\n\n<div class=\"wp-block-file\"><a id=\"wp-block-file--media-be177726-3e9f-42e6-9c36-d8df3193a379\" href=\"https:\/\/littlechamp.simpleclicks.at\/wp-content\/uploads\/2019\/12\/Tennisschulordnung_2007.pdf\">Tennisschulordnung_2007<\/a><a href=\"https:\/\/littlechamp.simpleclicks.at\/wp-content\/uploads\/2019\/12\/Tennisschulordnung_2007.pdf\" class=\"wp-block-file__button wp-element-button\" download aria-describedby=\"wp-block-file--media-be177726-3e9f-42e6-9c36-d8df3193a379\">Herunterladen<\/a><\/div>\n\n\n\n<div class=\"wp-block-file\"><a href=\"https:\/\/littlechamp.simpleclicks.at\/wp-content\/uploads\/2019\/12\/Anmeldung_LCTS.pdf\">Anmeldung_LCTS<\/a><a class=\"wp-block-file__button\" href=\"https:\/\/littlechamp.simpleclicks.at\/wp-content\/uploads\/2019\/12\/Anmeldung_LCTS.pdf\" download=\"\">Herunterladen<\/a><\/div>\r\n<div>&nbsp;<\/div>\n\n\n\n<h1 class=\"wp-block-heading\">\u00a9 by Little Champ Motion- und Tennisschule<\/h1>\n\n\n\n<p>\u00a9 by Little Champ Motion- und Tennisschule \u00ae, A-9300 St. Veit an der Glan.<br>Die kommerzielle&nbsp;Verwertung der Inhalte&nbsp;jeglicher Art,&nbsp;der Programme, sowie von&nbsp;Texten und Bildern dieser Website, auch auszugsweise, ist ohne schriftlich erteilte Genehmigung der <br>Fa. Little Champ Motion- und Tennisschule Unterberger &amp; Partner \u00ae,<br>A-9300 St. Veit an der Glan, <br>urheberrechtswidrig und strafbar. Dies gilt auch f\u00fcr jegliche&nbsp;anderweitige Nutzung, Werbung,&nbsp;Vervielf\u00e4ltigung, \u00dcbersetzung, Mikroverfilmung oder Weiterverarbeitung mit elektronischen Systemen.<\/p>\n","protected":false},"excerpt":{"rendered":"<p>Kontaktadresse Little Champ Motion- und Tennisschule9300 St. Veit an der GlanTel.: +43 676 8980 8614&nbsp;E-Mail: office@littlechamp.atW:&nbsp;www.littlechamp.at Online Anfrage bitte per E-Mail \u00a9 by Little Champ Motion- und Tennisschule \u00a9 by Little Champ Motion- und Tennisschule \u00ae, A-9300 St. Veit an der Glan.Die kommerzielle&nbsp;Verwertung der Inhalte&nbsp;jeglicher Art,&nbsp;der Programme, sowie von&nbsp;Texten und Bildern dieser Website, auch auszugsweise, [&hellip;]<\/p>\n","protected":false},"author":3,"featured_media":0,"parent":0,"menu_order":0,"comment_status":"closed","ping_status":"closed","template":"","meta":{"ngg_post_thumbnail":0,"footnotes":""},"class_list":["post-68","page","type-page","status-publish","hentry"],"_links":{"self":[{"href":"https:\/\/littlechamp.at\/index.php?rest_route=\/wp\/v2\/pages\/68","targetHints":{"allow":["GET"]}}],"collection":[{"href":"https:\/\/littlechamp.at\/index.php?rest_route=\/wp\/v2\/pages"}],"about":[{"href":"https:\/\/littlechamp.at\/index.php?rest_route=\/wp\/v2\/types\/page"}],"author":[{"embeddable":true,"href":"https:\/\/littlechamp.at\/index.php?rest_route=\/wp\/v2\/users\/3"}],"replies":[{"embeddable":true,"href":"https:\/\/littlechamp.at\/index.php?rest_route=%2Fwp%2Fv2%2Fcomments&post=68"}],"version-history":[{"count":18,"href":"https:\/\/littlechamp.at\/index.php?rest_route=\/wp\/v2\/pages\/68\/revisions"}],"predecessor-version":[{"id":652,"href":"https:\/\/littlechamp.at\/index.php?rest_route=\/wp\/v2\/pages\/68\/revisions\/652"}],"wp:attachment":[{"href":"https:\/\/littlechamp.at\/index.php?rest_route=%2Fwp%2Fv2%2Fmedia&parent=68"}],"curies":[{"name":"wp","href":"https:\/\/api.w.org\/{rel}","templated":true}]}}