{"id":66,"date":"2019-11-23T18:27:05","date_gmt":"2019-11-23T17:27:05","guid":{"rendered":"https:\/\/littlechamp.simpleclicks.at\/?page_id=66"},"modified":"2024-10-20T21:56:38","modified_gmt":"2024-10-20T19:56:38","slug":"partner","status":"publish","type":"page","link":"https:\/\/littlechamp.at\/?page_id=66","title":{"rendered":"Partner"},"content":{"rendered":"\n<h1 class=\"wp-block-heading\">Partner<\/h1>\n\n\n\n<figure class=\"wp-block-image\"><img loading=\"lazy\" decoding=\"async\" class=\"wp-image-441  aligncenter\" src=\"https:\/\/littlechamp.at\/wp-content\/uploads\/2020\/12\/EQ-Innovation-300x174.png\" alt=\"\" width=\"489\" height=\"284\" srcset=\"https:\/\/littlechamp.at\/wp-content\/uploads\/2020\/12\/EQ-Innovation-300x174.png 300w, https:\/\/littlechamp.at\/wp-content\/uploads\/2020\/12\/EQ-Innovation-768x446.png 768w, https:\/\/littlechamp.at\/wp-content\/uploads\/2020\/12\/EQ-Innovation-380x220.png 380w, https:\/\/littlechamp.at\/wp-content\/uploads\/2020\/12\/EQ-Innovation.png 867w\" sizes=\"auto, (max-width: 489px) 100vw, 489px\" \/><\/figure>\n\n\n\n<figure class=\"wp-block-table\"><table><tbody><tr><td> <p style=\"text-align: left;\"><strong><a href=\"https:\/\/tv.eqology.com\/wir-alle-brauchen-omega-3\">EQOLOGY &#8211; It&#8217;s in our nature<\/a><\/strong><\/p>Gesundheit und Wohlf\u00fchlgl\u00fcck &#8211; selbstbestimmt mehr vom Leben!<br> <br><p style=\"text-align: left;\">ASK\u00d6 ESV St. Veit\/Glan &#8211; <a href=\"https:\/\/www.12tennis.at\/\"><strong>Tennisplatzreservierung<\/strong><\/a><\/p> <p style=\"text-align: left;\">Tennishallen St. Veit\/Glan <strong>&#8211; <\/strong><a href=\"https:\/\/partner.venuzle.at\/stveit-stadt\/venues\/\"><strong>Platzreservierung<\/strong><\/a><br><strong>K\u00e4rntner Tennisverband<\/strong><br><a rel=\"noreferrer noopener\" href=\"http:\/\/www.tenniskaernten.at\/\" target=\"_blank\">www.tenniskaernten.at<\/a><\/p> <\/td><\/tr><\/tbody><\/table><\/figure>\n","protected":false},"excerpt":{"rendered":"<p>Partner EQOLOGY &#8211; It&#8217;s in our nature Gesundheit und Wohlf\u00fchlgl\u00fcck &#8211; selbstbestimmt mehr vom Leben! ASK\u00d6 ESV St. Veit\/Glan &#8211; Tennisplatzreservierung Tennishallen St. Veit\/Glan &#8211; PlatzreservierungK\u00e4rntner Tennisverbandwww.tenniskaernten.at<\/p>\n","protected":false},"author":3,"featured_media":0,"parent":0,"menu_order":0,"comment_status":"closed","ping_status":"closed","template":"","meta":{"ngg_post_thumbnail":0,"footnotes":""},"class_list":["post-66","page","type-page","status-publish","hentry"],"_links":{"self":[{"href":"https:\/\/littlechamp.at\/index.php?rest_route=\/wp\/v2\/pages\/66","targetHints":{"allow":["GET"]}}],"collection":[{"href":"https:\/\/littlechamp.at\/index.php?rest_route=\/wp\/v2\/pages"}],"about":[{"href":"https:\/\/littlechamp.at\/index.php?rest_route=\/wp\/v2\/types\/page"}],"author":[{"embeddable":true,"href":"https:\/\/littlechamp.at\/index.php?rest_route=\/wp\/v2\/users\/3"}],"replies":[{"embeddable":true,"href":"https:\/\/littlechamp.at\/index.php?rest_route=%2Fwp%2Fv2%2Fcomments&post=66"}],"version-history":[{"count":18,"href":"https:\/\/littlechamp.at\/index.php?rest_route=\/wp\/v2\/pages\/66\/revisions"}],"predecessor-version":[{"id":641,"href":"https:\/\/littlechamp.at\/index.php?rest_route=\/wp\/v2\/pages\/66\/revisions\/641"}],"wp:attachment":[{"href":"https:\/\/littlechamp.at\/index.php?rest_route=%2Fwp%2Fv2%2Fmedia&parent=66"}],"curies":[{"name":"wp","href":"https:\/\/api.w.org\/{rel}","templated":true}]}}