{"id":64,"date":"2019-11-23T18:26:39","date_gmt":"2019-11-23T17:26:39","guid":{"rendered":"https:\/\/littlechamp.simpleclicks.at\/?page_id=64"},"modified":"2019-12-01T13:16:51","modified_gmt":"2019-12-01T12:16:51","slug":"jahresabschluss","status":"publish","type":"page","link":"https:\/\/littlechamp.at\/?page_id=64","title":{"rendered":"Jahresabschluss"},"content":{"rendered":"\n<h1 class=\"wp-block-heading\">Little Champ Tennisabschlussfest 2008<\/h1>\n\n\n\n<p>Am Sonntag, den 29. Juni 2008 wurde das j\u00e4hrliche Tennisschulabschlussfest im Tenniscenter K\u00f6lnhof gefeiert.<\/p>\n\n\n\n<p>Spiel, Spass,&nbsp;und viel Kleinfeldtennis stand am Programm.&nbsp;Bei dieser Veranstaltung wird das Spielst\u00e4rkeprofil der teilnehmenden Kinder neu festgestellt. Mit dem eigens von der Little Champ Tennisschule entwickelten Spielst\u00e4rkeprofil wird die sportliche Weiterentwicklung unserer Kinder dokumentiert. Wir konnten wieder hervorragende Leistungen beobachten.<\/p>\n\n\n\n<p>Die Eltern unserer Kinder spielten in drei Gruppen untereinander nach dem Round Robin System. Sie konnten so selbst erfahren, wie lustig und intensiv das Tennisspiel im kleinen Feld mit dem gro\u00dfen Ball ist. Einhelliger Tenor: Das ist ein tolles Spiel &#8230;!<\/p>\n\n\n\n<p>Das lustige Spielefest f\u00fcr die Kinder der Little Champ Tennisschule und deren Eltern wurde mit einem guten Grillw\u00fcrstel und der Pr\u00e4mierung der Leistungen abgeschlossen. Herzliche Gratulation allen Teilnehmern zu Ihren sportlichen Leistungen.<\/p>\n\n\n\n<p>Vielen Dank f\u00fcr die Unterst\u00fctzung der Veranstaltung durch die Familien Christian Gelter und Peter Pirker.<\/p>\n","protected":false},"excerpt":{"rendered":"<p>Little Champ Tennisabschlussfest 2008 Am Sonntag, den 29. Juni 2008 wurde das j\u00e4hrliche Tennisschulabschlussfest im Tenniscenter K\u00f6lnhof gefeiert. Spiel, Spass,&nbsp;und viel Kleinfeldtennis stand am Programm.&nbsp;Bei dieser Veranstaltung wird das Spielst\u00e4rkeprofil der teilnehmenden Kinder neu festgestellt. Mit dem eigens von der Little Champ Tennisschule entwickelten Spielst\u00e4rkeprofil wird die sportliche Weiterentwicklung unserer Kinder dokumentiert. Wir konnten wieder [&hellip;]<\/p>\n","protected":false},"author":3,"featured_media":0,"parent":0,"menu_order":0,"comment_status":"closed","ping_status":"closed","template":"","meta":{"ngg_post_thumbnail":0,"footnotes":""},"class_list":["post-64","page","type-page","status-publish","hentry"],"_links":{"self":[{"href":"https:\/\/littlechamp.at\/index.php?rest_route=\/wp\/v2\/pages\/64","targetHints":{"allow":["GET"]}}],"collection":[{"href":"https:\/\/littlechamp.at\/index.php?rest_route=\/wp\/v2\/pages"}],"about":[{"href":"https:\/\/littlechamp.at\/index.php?rest_route=\/wp\/v2\/types\/page"}],"author":[{"embeddable":true,"href":"https:\/\/littlechamp.at\/index.php?rest_route=\/wp\/v2\/users\/3"}],"replies":[{"embeddable":true,"href":"https:\/\/littlechamp.at\/index.php?rest_route=%2Fwp%2Fv2%2Fcomments&post=64"}],"version-history":[{"count":2,"href":"https:\/\/littlechamp.at\/index.php?rest_route=\/wp\/v2\/pages\/64\/revisions"}],"predecessor-version":[{"id":178,"href":"https:\/\/littlechamp.at\/index.php?rest_route=\/wp\/v2\/pages\/64\/revisions\/178"}],"wp:attachment":[{"href":"https:\/\/littlechamp.at\/index.php?rest_route=%2Fwp%2Fv2%2Fmedia&parent=64"}],"curies":[{"name":"wp","href":"https:\/\/api.w.org\/{rel}","templated":true}]}}