{"id":58,"date":"2019-11-23T18:24:56","date_gmt":"2019-11-23T17:24:56","guid":{"rendered":"https:\/\/littlechamp.simpleclicks.at\/?page_id=58"},"modified":"2020-12-17T12:56:44","modified_gmt":"2020-12-17T11:56:44","slug":"elki-tennis","status":"publish","type":"page","link":"https:\/\/littlechamp.at\/?page_id=58","title":{"rendered":"Tennis &#8211; Friends Challenge"},"content":{"rendered":"\r\n<p>Je besser Du etwas kannst, desto lieber tust Du es &#8230;!<\/p>\r\n<p>Vom &#8222;<strong>Beginner<\/strong>&#8220; \u00fcber die &#8222;<strong>Tennisplatzreife<\/strong>&#8220; zum &#8222;<strong>Mannschfatsspieler<\/strong>&#8220; <br>&#8211; ein modular aufgebautes Tennisprogramm.<\/p>\r\n<p>Sie wollen gerne in einer Gruppe Tennis spielen? Dann sind Sie hier genau richtig.<br><a href=\"https:\/\/littlechamp.at\/kontakt\/\">Hier k\u00f6nnen Sie sich gleich anmelden.<\/a><\/p>\r\n<p><strong><u>So funktioniert\u2019s &#8230;<\/u><\/strong><\/p>\r\n<p>Einmal in der Woche eine Stunde Tennistraining reicht nicht, um mit Deinen Freunden Spa\u00df beim Tennisspielen zu haben. Eine positive Einstellung und das richtige Trainingsprogramm helfen Dir, Dein Tennisspiel zu entwickeln und mit Freude zu verbessern.<\/p>\r\n<p>Egal, ob Du jemals Tennis gespielt oder noch nie einen Tennisschl\u00e4ger in der Hand gehabt hast.<\/p>\r\n<p>Die <strong>\u201eTennis Freunde &#8211; Challenge\u201c<\/strong> erm\u00f6glicht Dir eine freudvolle und spielerische Entwicklung Deines Tennisspiels.<\/p>\r\n<p><strong><u>Im \u201eTennis Freunde &#8211; Challenge Paket\u201c erwartet Dich:<\/u><\/strong><\/p>\r\n<ul>\r\n<li>Tennistraining in der Lerngruppe mit Tennislehrer<\/li>\r\n<li>3 methodisch aufbauende Kurse \u2013 zu je 6 Trainingseinheiten je 1 Stunde 30 Min.<\/li>\r\n<li>Programm: VH, RH, Aufschlag, Volley, Smash<\/li>\r\n<li>alle Spiel \u2013 und Unterrichtsmaterialien<\/li>\r\n<li>Kostenlose Tennisplatzben\u00fctzung &#8211; im Sommer auf den ESV-Pl\u00e4tzen &#8211; w\u00e4hrend der Kursdauer<\/li>\r\n<li>Freunde-Challenge-Turnier mit ITN Einstufung (3 Tage am Meer, nach dem 3. Modul)<\/li>\r\n<li>Gemeinsamer Saisonabschluss &#8211; f\u00fcr Sommerkurse im ESV-Dreieckst\u00fcberl<\/li>\r\n<li>Bei Bedarf wird ein Tennisracket kostenlos bereitgestellt<\/li>\r\n<li>Teilnehmer je Kurs: 8 bis 12 Personen<\/li>\r\n<\/ul>\r\n<p>Deine Investition: \u20ac 95,- je Kurs und Teilnehmer<\/p>\r\n<p>Ja &#8211; das gef\u00e4llt mir. Ich mache mit und <a href=\"https:\/\/littlechamp.at\/kontakt\/\">melde mich an<\/a>.<\/p>\r\n","protected":false},"excerpt":{"rendered":"<p>Je besser Du etwas kannst, desto lieber tust Du es &#8230;! Vom &#8222;Beginner&#8220; \u00fcber die &#8222;Tennisplatzreife&#8220; zum &#8222;Mannschfatsspieler&#8220; &#8211; ein modular aufgebautes Tennisprogramm. Sie wollen gerne in einer Gruppe Tennis spielen? Dann sind Sie hier genau richtig.Hier k\u00f6nnen Sie sich gleich anmelden. So funktioniert\u2019s &#8230; Einmal in der Woche eine Stunde Tennistraining reicht nicht, um [&hellip;]<\/p>\n","protected":false},"author":3,"featured_media":0,"parent":0,"menu_order":0,"comment_status":"closed","ping_status":"closed","template":"","meta":{"ngg_post_thumbnail":0,"footnotes":""},"class_list":["post-58","page","type-page","status-publish","hentry"],"_links":{"self":[{"href":"https:\/\/littlechamp.at\/index.php?rest_route=\/wp\/v2\/pages\/58","targetHints":{"allow":["GET"]}}],"collection":[{"href":"https:\/\/littlechamp.at\/index.php?rest_route=\/wp\/v2\/pages"}],"about":[{"href":"https:\/\/littlechamp.at\/index.php?rest_route=\/wp\/v2\/types\/page"}],"author":[{"embeddable":true,"href":"https:\/\/littlechamp.at\/index.php?rest_route=\/wp\/v2\/users\/3"}],"replies":[{"embeddable":true,"href":"https:\/\/littlechamp.at\/index.php?rest_route=%2Fwp%2Fv2%2Fcomments&post=58"}],"version-history":[{"count":3,"href":"https:\/\/littlechamp.at\/index.php?rest_route=\/wp\/v2\/pages\/58\/revisions"}],"predecessor-version":[{"id":425,"href":"https:\/\/littlechamp.at\/index.php?rest_route=\/wp\/v2\/pages\/58\/revisions\/425"}],"wp:attachment":[{"href":"https:\/\/littlechamp.at\/index.php?rest_route=%2Fwp%2Fv2%2Fmedia&parent=58"}],"curies":[{"name":"wp","href":"https:\/\/api.w.org\/{rel}","templated":true}]}}