{"id":52,"date":"2019-11-23T18:23:36","date_gmt":"2019-11-23T17:23:36","guid":{"rendered":"https:\/\/littlechamp.simpleclicks.at\/?page_id=52"},"modified":"2025-11-15T23:21:30","modified_gmt":"2025-11-15T22:21:30","slug":"tenniscamps","status":"publish","type":"page","link":"https:\/\/littlechamp.at\/?page_id=52","title":{"rendered":"Tennisurlaub und Tenniscamp"},"content":{"rendered":"\n<h1 class=\"wp-block-heading\">Tennis &#8211; Urlaub &#8222;A la carte&#8220; &#8230;<\/h1>\n\n\n\n<p><strong>Genie\u00dfen<\/strong>&nbsp;Sie einen&nbsp;erholsamen&nbsp;<strong>Tennisurlaub&nbsp;mit Ihrer&nbsp;Familie und Freunden<\/strong>&nbsp;<br>direkt am Meer! <strong>Verbessern<\/strong> <strong>Sie Ihr Tennisspiel<\/strong> <strong>&#8211;&nbsp;Step by Step.<\/strong><\/p>\n\n\n\n<p>Sie wollen ein angenehmes Ambiente, die Dynamik und Kraft der Gemeinschaft erleben und in einer kleinen Gruppe Tennis spielen?  Dann sind sie hier genau richtig.<\/p>\n\n\n\n<p> Sie spielen nicht Tennis und wollen einfach ein paar Tage Urlaub am Meer genie\u00dfen. Und dies nicht alleine, sondern gemeinsam mit einer kleinen, sehr angenehmen Reisegruppe. Dann sind sie wieder hier genau richtig.<\/p>\n\n\n\n<p>Was gibt es f\u00fcr sie zu tun?  Sichern Sie sich jetzt Ihren Teilnehmerplatz. <\/p>\n\n\n\n<p><strong><a href=\"https:\/\/littlechamp.at\/kontakt\/\">Bitte hier anmelden.<br><br><\/a><\/strong><\/p>\n\n\n\n<h1 class=\"wp-block-heading\">Die Tenniscamptermine 2026<\/h1>\n\n\n\n<p><strong>F\u00fcr Ihre vorbereitende Urlaubs- und Reiseplanung &#8230;.<\/strong><\/p>\n\n\n\n<ul class=\"wp-block-list\">\n<li><strong>Osterferien<\/strong>: Familien- und Kindercamp<br>Palmsonntag, 29. M\u00e4rz bis Karfreitag, 03. April 2026<br>Novigrad \/ Kroatien<br>Anmeldungen nur auf Anfrage m\u00f6glich.<br><br><\/li>\n\n\n\n<li>NEU IM PROGRAMM<br><strong>Fr\u00fchjahrscamp<\/strong> <br>12. bis 17. April 2026 *)<br>Novigrad \/ Kroatien<br>Anmeldungen bis 30.01.2026<br><br><\/li>\n\n\n\n<li><strong>Feiertag zu Christi Himmelfahrt<\/strong><br>13. bis 17. Mai 2026 *)<br>Novigrad \/ Kroatien<br>Anmeldung bis 01. M\u00e4rz 2026<br><br><\/li>\n\n\n\n<li><strong>Feiertag zu Fronleichnam<\/strong><br>03. bis 07. Juni 2026 *)<br>Novigrad \/ Kroatien<br>Anmeldung bis 20. M\u00e4rz 2026<br><br><\/li>\n\n\n\n<li><strong>Spiele- und Turniercamp<\/strong> als Saisonausklang<br>08. bis 11. Oktober 2026 *)<br>Novigrad \/ Kroatien<br>Anmeldung bis 24. Juli 2026<\/li>\n<\/ul>\n\n\n\n<p>*) individuelle Aufenthaltsverl\u00e4ngerung nach R\u00fccksprache <\/p>\n\n\n\n<p>Sichern Sie sich Ihre Teilnahme und melden sich jetzt gleich an.<\/p>\n\n\n\n<p><strong>Mehr erfahren &#8230;<\/strong><\/p>\n\n\n\n<p><strong>Sie w\u00fcnschen einen eigenen Termin f\u00fcr Ihre Gruppe? <\/strong><br>Gerne organisieren wir f\u00fcr Sie ein individuelles und preiswertes Urlaubs- und Tenniscamp.&nbsp; <br><a href=\"https:\/\/littlechamp.at\/kontakt\/\">Geben Sie bitte hier Ihre W\u00fcnsche bekannt.<br><\/a><\/p>\n\n\n\n<h1 class=\"wp-block-heading\">Das erwartet Sie &#8230;<\/h1>\n\n\n\n<p>Die Leistungen:<\/p>\n\n\n\n<ul class=\"wp-block-list\">\n<li>sehr sch\u00f6nes und gepflegtes 4****Hotel &#8211;&nbsp;mit Fr\u00fchst\u00fccks- und Abendbuffet<br>&gt; Indoor- Outdoorpool, Fitnessraum, Wellness-Bereich mit Sauna und Massagem\u00f6glichkeit, W-Lan, &#8230;<\/li>\n\n\n\n<li>Tennisplatzben\u00fctzung f\u00fcr freies Tennisspiel<\/li>\n\n\n\n<li>Tennistraining in der Kleingruppe (mit ELKI-Programm im Ostercamp) &gt;&gt; <a href=\"https:\/\/www.youtube.com\/watch?v=Wm6ypJCNheE&amp;feature=youtu.be\">hier gibt&#8217;s ein paar Bilder<\/a>&nbsp;<br>Beim Spiele- und Turniercamp ist Tennistraining nach R\u00fccksprache m\u00f6glich.<\/li>\n<\/ul>\n\n\n\n<p>Unsere Tenniscamps bieten Ihnen, wie auch Vereinsmannschaften beste M\u00f6glichkeiten zur Vorbereitung auf den Meisterschaftsbetrieb. Auch Begleitpersonen ohne Tennis sind herzlich eingeladen und genie\u00dfen einen angenehmen Wohlf\u00fchlurlaub direkt am Meer.<\/p>\n\n\n\n<p>Die Anreise erfolgt mit Privat-PKW.<\/p>\n\n\n\n<p>*) Aufenthaltsverl\u00e4ngerung, sowie spezielle Zimmerw\u00fcnsche und gesonderte Trainingseinheiten sind nach R\u00fccksprache m\u00f6glich.<br><br><\/p>\n\n\n\n<h1 class=\"wp-block-heading\">Wie viel kostet das?<\/h1>\n\n\n\n<p>Unsere Tennisangebote sind bekannterweise sehr preiswert. <br>Die Kosten berechnen sich nach der Wahl Ihres Reisetermins, Ihres gew\u00fcnschten Paketes\u00a0pro Person und Aufenthalt auf\u00a0Basis Zweibettzimmer. Alle Zimmer mit Balkon. Einbettzimmer: Doppelzimmer zur Einzelnutzung.<\/p>\n\n\n\n<p>Kindererm\u00e4\u00dfigung:<br>F\u00fcr&nbsp;Kinder bis 5,99 Jahre&nbsp;im Zimmer mit zwei erwachsenen Personen ist das Hotel kostenlos.<br>F\u00fcr Kinder bis 12,99 Jahren im Zimmer der Eltern (2 Erwachsene Personen) gibt es auf den Hotelpreis Erm\u00e4\u00dfigungen bis zu 50%, mit einem Erwachsenen im Zimmer oder zwei\/drei Kinder in eigenem Zimmer 30%.<\/p>\n\n\n\n<p>Gerne stellen wir Ihnen Ihr gew\u00fcnschtes und f\u00fcr Sie passendes Angebot (z.B.: mit\/ohne Tennistraining, nur Hotel, &#8230;) zusammen.<br>Bitte erfragen Sie Ihre genauen Kosten beim Veranstalter.<\/p>\n\n\n\n<p>Packen Sie diese wunderbare und preiswerte Gelegenheit beim Schopf und melden Ihre&nbsp;<a href=\"https:\/\/littlechamp.at\/kontakt\/\"><strong>Teilnahme<\/strong><\/a> gleich an. <br>Kommen Sie mit zum Urlaubs- Tenniscamp. <br>Wir freuen uns.<\/p>\n","protected":false},"excerpt":{"rendered":"<p>Tennis &#8211; Urlaub &#8222;A la carte&#8220; &#8230; Genie\u00dfen&nbsp;Sie einen&nbsp;erholsamen&nbsp;Tennisurlaub&nbsp;mit Ihrer&nbsp;Familie und Freunden&nbsp;direkt am Meer! Verbessern Sie Ihr Tennisspiel &#8211;&nbsp;Step by Step. Sie wollen ein angenehmes Ambiente, die Dynamik und Kraft der Gemeinschaft erleben und in einer kleinen Gruppe Tennis spielen? Dann sind sie hier genau richtig. Sie spielen nicht Tennis und wollen einfach ein paar [&hellip;]<\/p>\n","protected":false},"author":3,"featured_media":240,"parent":0,"menu_order":0,"comment_status":"closed","ping_status":"closed","template":"","meta":{"ngg_post_thumbnail":0,"footnotes":""},"class_list":["post-52","page","type-page","status-publish","has-post-thumbnail","hentry"],"_links":{"self":[{"href":"https:\/\/littlechamp.at\/index.php?rest_route=\/wp\/v2\/pages\/52","targetHints":{"allow":["GET"]}}],"collection":[{"href":"https:\/\/littlechamp.at\/index.php?rest_route=\/wp\/v2\/pages"}],"about":[{"href":"https:\/\/littlechamp.at\/index.php?rest_route=\/wp\/v2\/types\/page"}],"author":[{"embeddable":true,"href":"https:\/\/littlechamp.at\/index.php?rest_route=\/wp\/v2\/users\/3"}],"replies":[{"embeddable":true,"href":"https:\/\/littlechamp.at\/index.php?rest_route=%2Fwp%2Fv2%2Fcomments&post=52"}],"version-history":[{"count":58,"href":"https:\/\/littlechamp.at\/index.php?rest_route=\/wp\/v2\/pages\/52\/revisions"}],"predecessor-version":[{"id":668,"href":"https:\/\/littlechamp.at\/index.php?rest_route=\/wp\/v2\/pages\/52\/revisions\/668"}],"wp:featuredmedia":[{"embeddable":true,"href":"https:\/\/littlechamp.at\/index.php?rest_route=\/wp\/v2\/media\/240"}],"wp:attachment":[{"href":"https:\/\/littlechamp.at\/index.php?rest_route=%2Fwp%2Fv2%2Fmedia&parent=52"}],"curies":[{"name":"wp","href":"https:\/\/api.w.org\/{rel}","templated":true}]}}