{"id":48,"date":"2019-11-23T18:22:57","date_gmt":"2019-11-23T17:22:57","guid":{"rendered":"https:\/\/littlechamp.simpleclicks.at\/?page_id=48"},"modified":"2020-12-21T11:58:38","modified_gmt":"2020-12-21T10:58:38","slug":"organisation-von-tennis-turnieren","status":"publish","type":"page","link":"https:\/\/littlechamp.at\/?page_id=48","title":{"rendered":"Organisation von Tennis-Turnieren"},"content":{"rendered":"\n<p class=\"has-text-align-center\">&#8222;ORGANISATION VON TENNIS-TURNIEREN&#8220;<\/p>\n\n\n\n<style>#sp-ea-490 .spcollapsing { height: 0; overflow: hidden; transition-property: height;transition-duration: 500ms;}#sp-ea-490.sp-easy-accordion>.sp-ea-single {margin-bottom: 10px; border: 1px solid #e2e2e2; }#sp-ea-490.sp-easy-accordion>.sp-ea-single>.ea-header a {color: #444;}#sp-ea-490.sp-easy-accordion>.sp-ea-single>.sp-collapse>.ea-body {background: #fff; color: #444;}#sp-ea-490.sp-easy-accordion>.sp-ea-single {background: #ffffff;}#sp-ea-490.sp-easy-accordion>.sp-ea-single>.ea-header a .ea-expand-icon { float: right; color: #4c9308;font-size: 16px;}#sp-ea-490.sp-easy-accordion>.sp-ea-single>.ea-header a .ea-expand-icon {margin-right: 0;}<\/style><div id=\"sp_easy_accordion-1777210978\"><div id=\"sp-ea-490\" class=\"sp-ea-one sp-easy-accordion\" data-ea-active=\"ea-click\" data-ea-mode=\"vertical\" data-preloader=\"\" data-scroll-active-item=\"\" data-offset-to-scroll=\"0\"><div class=\"ea-card sp-ea-single\"><h3 class=\"ea-header\"><a class=\"collapsed\" id=\"ea-header-4900\" role=\"button\" data-sptoggle=\"spcollapse\" data-sptarget=\"#collapse4900\" aria-controls=\"collapse4900\" href=\"#\" aria-expanded=\"false\" tabindex=\"0\"><i aria-hidden=\"true\" role=\"presentation\" class=\"ea-expand-icon eap-icon-ea-expand-plus\"><\/i> Teilnehmer<\/a><\/h3><div class=\"sp-collapse spcollapse spcollapse\" id=\"collapse4900\" data-parent=\"#sp-ea-490\" role=\"region\" aria-labelledby=\"ea-header-4900\"> <div class=\"ea-body\"><p>Nach Ihren Anspr\u00fcchen<\/p><\/div><\/div><\/div><div class=\"ea-card sp-ea-single\"><h3 class=\"ea-header\"><a class=\"collapsed\" id=\"ea-header-4901\" role=\"button\" data-sptoggle=\"spcollapse\" data-sptarget=\"#collapse4901\" aria-controls=\"collapse4901\" href=\"#\" aria-expanded=\"false\" tabindex=\"0\"><i aria-hidden=\"true\" role=\"presentation\" class=\"ea-expand-icon eap-icon-ea-expand-plus\"><\/i> Ort<\/a><\/h3><div class=\"sp-collapse spcollapse spcollapse\" id=\"collapse4901\" data-parent=\"#sp-ea-490\" role=\"region\" aria-labelledby=\"ea-header-4901\"> <div class=\"ea-body\"><p>Tennisturniere k\u00f6nnen entweder im Tenniscenter K\u00f6lnhof in St. Veit oder auf Wunsch auf einem Tennisplatz bzw. an einem Ort Ihrer Wahl stattfinden.<\/p><\/div><\/div><\/div><div class=\"ea-card sp-ea-single\"><h3 class=\"ea-header\"><a class=\"collapsed\" id=\"ea-header-4902\" role=\"button\" data-sptoggle=\"spcollapse\" data-sptarget=\"#collapse4902\" aria-controls=\"collapse4902\" href=\"#\" aria-expanded=\"false\" tabindex=\"0\"><i aria-hidden=\"true\" role=\"presentation\" class=\"ea-expand-icon eap-icon-ea-expand-plus\"><\/i> Beschreibung<\/a><\/h3><div class=\"sp-collapse spcollapse spcollapse\" id=\"collapse4902\" data-parent=\"#sp-ea-490\" role=\"region\" aria-labelledby=\"ea-header-4902\"> <div class=\"ea-body\"><p>Wir organisieren Tennisturniere nach den unterschiedlichsten Austragungs-Modi.<\/p><\/div><\/div><\/div><div class=\"ea-card sp-ea-single\"><h3 class=\"ea-header\"><a class=\"collapsed\" id=\"ea-header-4903\" role=\"button\" data-sptoggle=\"spcollapse\" data-sptarget=\"#collapse4903\" aria-controls=\"collapse4903\" href=\"#\" aria-expanded=\"false\" tabindex=\"0\"><i aria-hidden=\"true\" role=\"presentation\" class=\"ea-expand-icon eap-icon-ea-expand-plus\"><\/i> M\u00f6glichkeiten \/ Anl\u00e4sse<\/a><\/h3><div class=\"sp-collapse spcollapse spcollapse\" id=\"collapse4903\" data-parent=\"#sp-ea-490\" role=\"region\" aria-labelledby=\"ea-header-4903\"> <div class=\"ea-body\"><p>Tennisturniere sind spannende und lustige Alternativen zu klassischen Aktivit\u00e4ten:- Tennisturnier f\u00fcr F\u00fchrungskr\u00e4fte, Management, Leitung- Interne Betriebsmeisterschaften- Turniere f\u00fcr Kunden\/Partner\/Lieferanten- Mannschaftsbewerbe, Firmenbewerbe- Firmencup (z. B. mehrere Filialen \u2026)- Turniere als Rahmenprogramm bei Firmen-, Kunden-, und Mitarbeiterevents, Betriebsfeiern, Tag der offenen T\u00fcr \u2026- Fun-Turniere mit speziellen Spielformen, Team-Kombinationen, Aufgabenstellungen (Geschicklichkeit, Koordination, Doppel nur mit einem Schl\u00e4ger \u2026) \u2013 machen Spa\u00df, wecken Interesse (Kunden, Partner, Medien) und bleiben in Erinnerung<\/p><\/div><\/div><\/div><div class=\"ea-card sp-ea-single\"><h3 class=\"ea-header\"><a class=\"collapsed\" id=\"ea-header-4904\" role=\"button\" data-sptoggle=\"spcollapse\" data-sptarget=\"#collapse4904\" aria-controls=\"collapse4904\" href=\"#\" aria-expanded=\"false\" tabindex=\"0\"><i aria-hidden=\"true\" role=\"presentation\" class=\"ea-expand-icon eap-icon-ea-expand-plus\"><\/i> Dauer<\/a><\/h3><div class=\"sp-collapse spcollapse spcollapse\" id=\"collapse4904\" data-parent=\"#sp-ea-490\" role=\"region\" aria-labelledby=\"ea-header-4904\"> <div class=\"ea-body\"><p>Je nach Veranstaltung \u2013 individuell nach Ihren W\u00fcnschen<\/p><\/div><\/div><\/div><div class=\"ea-card sp-ea-single\"><h3 class=\"ea-header\"><a class=\"collapsed\" id=\"ea-header-4905\" role=\"button\" data-sptoggle=\"spcollapse\" data-sptarget=\"#collapse4905\" aria-controls=\"collapse4905\" href=\"#\" aria-expanded=\"false\" tabindex=\"0\"><i aria-hidden=\"true\" role=\"presentation\" class=\"ea-expand-icon eap-icon-ea-expand-plus\"><\/i> Leistungen<\/a><\/h3><div class=\"sp-collapse spcollapse spcollapse\" id=\"collapse4905\" data-parent=\"#sp-ea-490\" role=\"region\" aria-labelledby=\"ea-header-4905\"> <div class=\"ea-body\"><p>Wir k\u00fcmmern uns \u2013 je nach Zielsetzung und Umfang \u2013 um die komplette Organisation und Abwicklung des Turniers, wie z. B. die Infrastruktur, den Ablauf des Turniers (Einteilung der Gruppen, Erkl\u00e4rung der Regeln \u2026), das Rahmenprogramm \u2026<\/p><\/div><\/div><\/div><div class=\"ea-card sp-ea-single\"><h3 class=\"ea-header\"><a class=\"collapsed\" id=\"ea-header-4906\" role=\"button\" data-sptoggle=\"spcollapse\" data-sptarget=\"#collapse4906\" aria-controls=\"collapse4906\" href=\"#\" aria-expanded=\"false\" tabindex=\"0\"><i aria-hidden=\"true\" role=\"presentation\" class=\"ea-expand-icon eap-icon-ea-expand-plus\"><\/i> Kosten<\/a><\/h3><div class=\"sp-collapse spcollapse spcollapse\" id=\"collapse4906\" data-parent=\"#sp-ea-490\" role=\"region\" aria-labelledby=\"ea-header-4906\"> <div class=\"ea-body\"><p>Die Kosten richten sich nach Anlass, Umfang und Teilnehmer. Gerne legen wir Ihnen ein Angebot.<\/p><\/div><\/div><\/div><div class=\"ea-card sp-ea-single\"><h3 class=\"ea-header\"><a class=\"collapsed\" id=\"ea-header-4907\" role=\"button\" data-sptoggle=\"spcollapse\" data-sptarget=\"#collapse4907\" aria-controls=\"collapse4907\" href=\"#\" aria-expanded=\"false\" tabindex=\"0\"><i aria-hidden=\"true\" role=\"presentation\" class=\"ea-expand-icon eap-icon-ea-expand-plus\"><\/i> Weiteres<\/a><\/h3><div class=\"sp-collapse spcollapse spcollapse\" id=\"collapse4907\" data-parent=\"#sp-ea-490\" role=\"region\" aria-labelledby=\"ea-header-4907\"> <div class=\"ea-body\"><p>Beim klassischen Tennis gelten die Regeln es \u00d6TV.<\/p><\/div><\/div><\/div><\/div><\/div>\n","protected":false},"excerpt":{"rendered":"<p>&#8222;ORGANISATION VON TENNIS-TURNIEREN&#8220;<\/p>\n","protected":false},"author":3,"featured_media":0,"parent":0,"menu_order":0,"comment_status":"closed","ping_status":"closed","template":"","meta":{"ngg_post_thumbnail":0,"footnotes":""},"class_list":["post-48","page","type-page","status-publish","hentry"],"_links":{"self":[{"href":"https:\/\/littlechamp.at\/index.php?rest_route=\/wp\/v2\/pages\/48","targetHints":{"allow":["GET"]}}],"collection":[{"href":"https:\/\/littlechamp.at\/index.php?rest_route=\/wp\/v2\/pages"}],"about":[{"href":"https:\/\/littlechamp.at\/index.php?rest_route=\/wp\/v2\/types\/page"}],"author":[{"embeddable":true,"href":"https:\/\/littlechamp.at\/index.php?rest_route=\/wp\/v2\/users\/3"}],"replies":[{"embeddable":true,"href":"https:\/\/littlechamp.at\/index.php?rest_route=%2Fwp%2Fv2%2Fcomments&post=48"}],"version-history":[{"count":4,"href":"https:\/\/littlechamp.at\/index.php?rest_route=\/wp\/v2\/pages\/48\/revisions"}],"predecessor-version":[{"id":504,"href":"https:\/\/littlechamp.at\/index.php?rest_route=\/wp\/v2\/pages\/48\/revisions\/504"}],"wp:attachment":[{"href":"https:\/\/littlechamp.at\/index.php?rest_route=%2Fwp%2Fv2%2Fmedia&parent=48"}],"curies":[{"name":"wp","href":"https:\/\/api.w.org\/{rel}","templated":true}]}}