{"id":46,"date":"2019-11-23T18:22:24","date_gmt":"2019-11-23T17:22:24","guid":{"rendered":"https:\/\/littlechamp.simpleclicks.at\/?page_id=46"},"modified":"2020-12-21T11:36:38","modified_gmt":"2020-12-21T10:36:38","slug":"speed-tennis-meets-company","status":"publish","type":"page","link":"https:\/\/littlechamp.at\/?page_id=46","title":{"rendered":"Speed Tennis meets Company"},"content":{"rendered":"\n<p class=\"has-text-align-center has-medium-font-size\"><strong>&#8222;SPEED TENNIS MEETS COMPANY&#8220;<\/strong><\/p>\n\n\n\n<style>#sp-ea-485 .spcollapsing { height: 0; overflow: hidden; transition-property: height;transition-duration: 500ms;}#sp-ea-485.sp-easy-accordion>.sp-ea-single {margin-bottom: 10px; border: 1px solid #e2e2e2; }#sp-ea-485.sp-easy-accordion>.sp-ea-single>.ea-header a {color: #444;}#sp-ea-485.sp-easy-accordion>.sp-ea-single>.sp-collapse>.ea-body {background: #fff; color: #444;}#sp-ea-485.sp-easy-accordion>.sp-ea-single {background: #ffffff;}#sp-ea-485.sp-easy-accordion>.sp-ea-single>.ea-header a .ea-expand-icon { float: right; color: #4c9308;font-size: 16px;}#sp-ea-485.sp-easy-accordion>.sp-ea-single>.ea-header a .ea-expand-icon {margin-right: 0;}<\/style><div id=\"sp_easy_accordion-1777211094\"><div id=\"sp-ea-485\" class=\"sp-ea-one sp-easy-accordion\" data-ea-active=\"ea-click\" data-ea-mode=\"vertical\" data-preloader=\"\" data-scroll-active-item=\"\" data-offset-to-scroll=\"0\"><div class=\"ea-card sp-ea-single\"><h3 class=\"ea-header\"><a class=\"collapsed\" id=\"ea-header-4850\" role=\"button\" data-sptoggle=\"spcollapse\" data-sptarget=\"#collapse4850\" aria-controls=\"collapse4850\" href=\"#\" aria-expanded=\"false\" tabindex=\"0\"><i aria-hidden=\"true\" role=\"presentation\" class=\"ea-expand-icon eap-icon-ea-expand-plus\"><\/i> Teilnehmer<\/a><\/h3><div class=\"sp-collapse spcollapse spcollapse\" id=\"collapse4850\" data-parent=\"#sp-ea-485\" role=\"region\" aria-labelledby=\"ea-header-4850\"> <div class=\"ea-body\"><p>Nach Ihren Anspr\u00fcchen<\/p><\/div><\/div><\/div><div class=\"ea-card sp-ea-single\"><h3 class=\"ea-header\"><a class=\"collapsed\" id=\"ea-header-4851\" role=\"button\" data-sptoggle=\"spcollapse\" data-sptarget=\"#collapse4851\" aria-controls=\"collapse4851\" href=\"#\" aria-expanded=\"false\" tabindex=\"0\"><i aria-hidden=\"true\" role=\"presentation\" class=\"ea-expand-icon eap-icon-ea-expand-plus\"><\/i> Ort<\/a><\/h3><div class=\"sp-collapse spcollapse spcollapse\" id=\"collapse4851\" data-parent=\"#sp-ea-485\" role=\"region\" aria-labelledby=\"ea-header-4851\"> <div class=\"ea-body\"><p>Events mit Speed-Tennisaktivit\u00e4ten k\u00f6nnen entweder im Tenniscenter K\u00f6lnhof in St. Veit oder auf Wunsch auf einem Tennisplatz bzw. an einem Ort Ihrer Wahl stattfinden.<\/p><\/div><\/div><\/div><div class=\"ea-card sp-ea-single\"><h3 class=\"ea-header\"><a class=\"collapsed\" id=\"ea-header-4852\" role=\"button\" data-sptoggle=\"spcollapse\" data-sptarget=\"#collapse4852\" aria-controls=\"collapse4852\" href=\"#\" aria-expanded=\"false\" tabindex=\"0\"><i aria-hidden=\"true\" role=\"presentation\" class=\"ea-expand-icon eap-icon-ea-expand-plus\"><\/i> Leistungen<\/a><\/h3><div class=\"sp-collapse spcollapse spcollapse\" id=\"collapse4852\" data-parent=\"#sp-ea-485\" role=\"region\" aria-labelledby=\"ea-header-4852\"> <div class=\"ea-body\"><p><strong><em>\u201eSie feiern \u2013 wir k\u00fcmmern uns um die Details\u201c <\/em><\/strong><\/p><p>Wir k\u00fcmmern uns \u2013 je nach Zielsetzung und Umfang \u2013 um die komplette Organisation und Abwicklung von Events, die verschiedene Aktivit\u00e4ten rund um den Speed-Tennissport beinhalten. (Infrastruktur, den sportlichen Teil (Equipment, Ablauf und Koordination), das Rahmenprogramm, Catering \u2026)<\/p><\/div><\/div><\/div><div class=\"ea-card sp-ea-single\"><h3 class=\"ea-header\"><a class=\"collapsed\" id=\"ea-header-4853\" role=\"button\" data-sptoggle=\"spcollapse\" data-sptarget=\"#collapse4853\" aria-controls=\"collapse4853\" href=\"#\" aria-expanded=\"false\" tabindex=\"0\"><i aria-hidden=\"true\" role=\"presentation\" class=\"ea-expand-icon eap-icon-ea-expand-plus\"><\/i> M\u00f6glichkeiten \/ Anl\u00e4sse<\/a><\/h3><div class=\"sp-collapse spcollapse spcollapse\" id=\"collapse4853\" data-parent=\"#sp-ea-485\" role=\"region\" aria-labelledby=\"ea-header-4853\"> <div class=\"ea-body\"><p>Die M\u00f6glichkeiten, Speed-Tennis und alles, was damit verbunden wird, in Veranstaltungen einzubauen, sind<br \/>vielf\u00e4ltig \u2013 hier ein kleiner Querschnitt: Speed-Tennisturniere, wie sie bereits dargestellt wurden, im Rahmen von Veranstaltungen. Themen-Veranstaltungen wie z.B. \u201eSpeed-Tennis und Gesundheit\u201c (Turnier, Vitalessen, Sauna, Ern\u00e4hrungstipps), \u201eSpeed-Tennis und Bewegung\u201c (Speed-Tennis in Kombination mit verschiedenen Koordinations\u00fcbungen, Geschicklichkeitsparcours \u2026)\u201eSpeed-Tennis and More\u201c mit Spielen, Wettk\u00e4mpfen, \u00dcbungen, Fun-Bewerben (Gruppenbewerbe, Quiz, Disco, Musik, Vortr\u00e4ge)\u2013 z.B. f\u00fcr Jubil\u00e4umsfeiern, Stadtfeste, Tag der offenen T\u00fcr \u201eSpeed-Tennis All Inklusive\u201c: Speed-Tennis inklusive anschlie\u00dfendem Catering oder speziellen Verk\u00f6stigungen (Weinverkostung, Gala-Diner \u2026), Vortr\u00e4ge, gruppendynamische Aktivit\u00e4ten<\/p><\/div><\/div><\/div><div class=\"ea-card sp-ea-single\"><h3 class=\"ea-header\"><a class=\"collapsed\" id=\"ea-header-4854\" role=\"button\" data-sptoggle=\"spcollapse\" data-sptarget=\"#collapse4854\" aria-controls=\"collapse4854\" href=\"#\" aria-expanded=\"false\" tabindex=\"0\"><i aria-hidden=\"true\" role=\"presentation\" class=\"ea-expand-icon eap-icon-ea-expand-plus\"><\/i> Dauer<\/a><\/h3><div class=\"sp-collapse spcollapse spcollapse\" id=\"collapse4854\" data-parent=\"#sp-ea-485\" role=\"region\" aria-labelledby=\"ea-header-4854\"> <div class=\"ea-body\"><p>Je nach Veranstaltung \u2013 individuell nach Ihren W\u00fcnschen<\/p><\/div><\/div><\/div><div class=\"ea-card sp-ea-single\"><h3 class=\"ea-header\"><a class=\"collapsed\" id=\"ea-header-4855\" role=\"button\" data-sptoggle=\"spcollapse\" data-sptarget=\"#collapse4855\" aria-controls=\"collapse4855\" href=\"#\" aria-expanded=\"false\" tabindex=\"0\"><i aria-hidden=\"true\" role=\"presentation\" class=\"ea-expand-icon eap-icon-ea-expand-plus\"><\/i> Kosten<\/a><\/h3><div class=\"sp-collapse spcollapse spcollapse\" id=\"collapse4855\" data-parent=\"#sp-ea-485\" role=\"region\" aria-labelledby=\"ea-header-4855\"> <div class=\"ea-body\"><p>Die Kosten richten sich nach Anlass, Umfang und Teilnehmer \u2013 gerne legen wir Ihnen ein Angebot.<\/p><\/div><\/div><\/div><\/div><\/div>\n\n\n\n<p><\/p>\n","protected":false},"excerpt":{"rendered":"<p>&#8222;SPEED TENNIS MEETS COMPANY&#8220;<\/p>\n","protected":false},"author":3,"featured_media":0,"parent":0,"menu_order":0,"comment_status":"closed","ping_status":"closed","template":"","meta":{"ngg_post_thumbnail":0,"footnotes":""},"class_list":["post-46","page","type-page","status-publish","hentry"],"_links":{"self":[{"href":"https:\/\/littlechamp.at\/index.php?rest_route=\/wp\/v2\/pages\/46","targetHints":{"allow":["GET"]}}],"collection":[{"href":"https:\/\/littlechamp.at\/index.php?rest_route=\/wp\/v2\/pages"}],"about":[{"href":"https:\/\/littlechamp.at\/index.php?rest_route=\/wp\/v2\/types\/page"}],"author":[{"embeddable":true,"href":"https:\/\/littlechamp.at\/index.php?rest_route=\/wp\/v2\/users\/3"}],"replies":[{"embeddable":true,"href":"https:\/\/littlechamp.at\/index.php?rest_route=%2Fwp%2Fv2%2Fcomments&post=46"}],"version-history":[{"count":7,"href":"https:\/\/littlechamp.at\/index.php?rest_route=\/wp\/v2\/pages\/46\/revisions"}],"predecessor-version":[{"id":512,"href":"https:\/\/littlechamp.at\/index.php?rest_route=\/wp\/v2\/pages\/46\/revisions\/512"}],"wp:attachment":[{"href":"https:\/\/littlechamp.at\/index.php?rest_route=%2Fwp%2Fv2%2Fmedia&parent=46"}],"curies":[{"name":"wp","href":"https:\/\/api.w.org\/{rel}","templated":true}]}}