{"id":42,"date":"2019-11-23T18:21:11","date_gmt":"2019-11-23T17:21:11","guid":{"rendered":"https:\/\/littlechamp.simpleclicks.at\/?page_id=42"},"modified":"2022-11-24T15:16:37","modified_gmt":"2022-11-24T14:16:37","slug":"angebote-und-preise","status":"publish","type":"page","link":"https:\/\/littlechamp.at\/?page_id=42","title":{"rendered":"Angebote und Preise"},"content":{"rendered":"\n<h1 class=\"wp-block-heading\">Angebote und Preise<\/h1>\n\n\n\n<p>&#8230; bitte w\u00e4hlen Sie das passende Tennispaket aus. <br>Wir haben f\u00fcr Sie interessante M\u00f6glichkeiten entwickelt \u2013 hier ein \u00dcberblick:<\/p>\n\n\n\n<ul class=\"wp-block-list\">\n<li><a href=\"https:\/\/littlechamp.at\/speed-tennis-2\/\">Speed Tennis<\/a><\/li>\n\n\n\n<li><a href=\"https:\/\/littlechamp.at\/speed-tennis-meets-company\/\">Speed Tennis meets Company<\/a><\/li>\n\n\n\n<li><a href=\"https:\/\/littlechamp.at\/organisation-von-tennis-turnieren\/\">Organisation von Tennis-Turnieren<\/a><\/li>\n\n\n\n<li><a href=\"https:\/\/littlechamp.at\/trainerstunden\/\">Trainerstunden<\/a><\/li>\n\n\n\n<li><a href=\"https:\/\/littlechamp.at\/tenniscamps\/\">Tenniscamps<\/a><\/li>\n\n\n\n<li><a href=\"https:\/\/littlechamp.at\/littel-champ-patenschaft\/\">Little Champ Patenschaft <\/a><\/li>\n<\/ul>\n","protected":false},"excerpt":{"rendered":"<p>Angebote und Preise &#8230; bitte w\u00e4hlen Sie das passende Tennispaket aus. Wir haben f\u00fcr Sie interessante M\u00f6glichkeiten entwickelt \u2013 hier ein \u00dcberblick:<\/p>\n","protected":false},"author":3,"featured_media":0,"parent":0,"menu_order":0,"comment_status":"closed","ping_status":"closed","template":"","meta":{"ngg_post_thumbnail":0,"footnotes":""},"class_list":["post-42","page","type-page","status-publish","hentry"],"_links":{"self":[{"href":"https:\/\/littlechamp.at\/index.php?rest_route=\/wp\/v2\/pages\/42","targetHints":{"allow":["GET"]}}],"collection":[{"href":"https:\/\/littlechamp.at\/index.php?rest_route=\/wp\/v2\/pages"}],"about":[{"href":"https:\/\/littlechamp.at\/index.php?rest_route=\/wp\/v2\/types\/page"}],"author":[{"embeddable":true,"href":"https:\/\/littlechamp.at\/index.php?rest_route=\/wp\/v2\/users\/3"}],"replies":[{"embeddable":true,"href":"https:\/\/littlechamp.at\/index.php?rest_route=%2Fwp%2Fv2%2Fcomments&post=42"}],"version-history":[{"count":12,"href":"https:\/\/littlechamp.at\/index.php?rest_route=\/wp\/v2\/pages\/42\/revisions"}],"predecessor-version":[{"id":575,"href":"https:\/\/littlechamp.at\/index.php?rest_route=\/wp\/v2\/pages\/42\/revisions\/575"}],"wp:attachment":[{"href":"https:\/\/littlechamp.at\/index.php?rest_route=%2Fwp%2Fv2%2Fmedia&parent=42"}],"curies":[{"name":"wp","href":"https:\/\/api.w.org\/{rel}","templated":true}]}}