{"id":40,"date":"2019-11-23T18:20:45","date_gmt":"2019-11-23T17:20:45","guid":{"rendered":"https:\/\/littlechamp.simpleclicks.at\/?page_id=40"},"modified":"2019-11-23T18:20:46","modified_gmt":"2019-11-23T17:20:46","slug":"gut-zu-wissen","status":"publish","type":"page","link":"https:\/\/littlechamp.at\/?page_id=40","title":{"rendered":"Gut zu wissen &#8230;"},"content":{"rendered":"\n<h1 class=\"wp-block-heading\">Gut zu wissen&#8230;<\/h1>\n\n\n\n<ul class=\"wp-block-list\"><li>Es entsteht f\u00fcr Sie und Ihr Unternehmen&nbsp;kein bzw. nur wenig Organisationsaufwand.<\/li><li>Alle Aktivit\u00e4ten werden auf die Bed\u00fcrfnisse und Zielsetzungen Ihres Unternehmens mit Ihnen&nbsp;abgestimmt.<\/li><li>Die Teilnehmer brauchen selbst nur ihre eigene Sportkleidung (Trainingsanzug, Tennisschuhe). Alles andere wird bei Bedarf zur Verf\u00fcgung gestellt<\/li><li>Wir k\u00fcmmern uns auf Wunsch auch um das Rahmenprogramm, Catering, Infrastruktur, Medienarbeit, Keynotespeaker, \u2026<\/li><\/ul>\n","protected":false},"excerpt":{"rendered":"<p>Gut zu wissen&#8230; Es entsteht f\u00fcr Sie und Ihr Unternehmen&nbsp;kein bzw. nur wenig Organisationsaufwand. Alle Aktivit\u00e4ten werden auf die Bed\u00fcrfnisse und Zielsetzungen Ihres Unternehmens mit Ihnen&nbsp;abgestimmt. Die Teilnehmer brauchen selbst nur ihre eigene Sportkleidung (Trainingsanzug, Tennisschuhe). Alles andere wird bei Bedarf zur Verf\u00fcgung gestellt Wir k\u00fcmmern uns auf Wunsch auch um das Rahmenprogramm, Catering, Infrastruktur, [&hellip;]<\/p>\n","protected":false},"author":3,"featured_media":0,"parent":0,"menu_order":0,"comment_status":"closed","ping_status":"closed","template":"","meta":{"ngg_post_thumbnail":0,"footnotes":""},"class_list":["post-40","page","type-page","status-publish","hentry"],"_links":{"self":[{"href":"https:\/\/littlechamp.at\/index.php?rest_route=\/wp\/v2\/pages\/40","targetHints":{"allow":["GET"]}}],"collection":[{"href":"https:\/\/littlechamp.at\/index.php?rest_route=\/wp\/v2\/pages"}],"about":[{"href":"https:\/\/littlechamp.at\/index.php?rest_route=\/wp\/v2\/types\/page"}],"author":[{"embeddable":true,"href":"https:\/\/littlechamp.at\/index.php?rest_route=\/wp\/v2\/users\/3"}],"replies":[{"embeddable":true,"href":"https:\/\/littlechamp.at\/index.php?rest_route=%2Fwp%2Fv2%2Fcomments&post=40"}],"version-history":[{"count":1,"href":"https:\/\/littlechamp.at\/index.php?rest_route=\/wp\/v2\/pages\/40\/revisions"}],"predecessor-version":[{"id":41,"href":"https:\/\/littlechamp.at\/index.php?rest_route=\/wp\/v2\/pages\/40\/revisions\/41"}],"wp:attachment":[{"href":"https:\/\/littlechamp.at\/index.php?rest_route=%2Fwp%2Fv2%2Fmedia&parent=40"}],"curies":[{"name":"wp","href":"https:\/\/api.w.org\/{rel}","templated":true}]}}