{"id":36,"date":"2019-11-23T18:20:00","date_gmt":"2019-11-23T17:20:00","guid":{"rendered":"https:\/\/littlechamp.simpleclicks.at\/?page_id=36"},"modified":"2020-12-17T13:42:11","modified_gmt":"2020-12-17T12:42:11","slug":"unsere-leistungen","status":"publish","type":"page","link":"https:\/\/littlechamp.at\/?page_id=36","title":{"rendered":"Unsere Leistungen"},"content":{"rendered":"\r\n<h1 class=\"wp-block-heading\">Unsere Leistungen \u2026<\/h1>\r\n\r\n\r\n\r\n<p>Wir sind mit Little Champ die erste Tennisschule, die sich auf den Bereich \u201eTennis meets Company\u201c spezialisiert hat. Wir bringen langj\u00e4hrige Erfahrung im Speed-Tennis mit und arbeiten in den Bereichen Eventmanagement, Organisation und Mitarbeitermotivation mit Partnern zusammen.<\/p>\r\n\r\n\r\n\r\n<ul class=\"wp-block-list\">\r\n<li>Wir kreieren ein Gesamtpaket: Gemeinsam mit Ihnen kl\u00e4ren wir &#8211; je nach Zielsetzung &#8211; die Anforderungen und Rahmenbedingungen f\u00fcr Ihr Vorhaben. Dann geht es ans Organisieren und Umsetzen.<\/li>\r\n<li>Wir stellen f\u00fcr alle vereinbarten Aktivit\u00e4ten die entsprechenden Trainer und Betreuer bereit.<\/li>\r\n<li>Wir sind \u00f6rtlich und zeitlich flexibel. Entweder Sie kommen zu uns nach St. Veit \u2013 oder wir kommen zu Ihnen. Entweder auf Ihren \u201eStammtennisplatz\u201c oder, wenn Sie Speedtennis w\u00fcnschen, direkt in Ihre Firma. Denn Speedtennis ist nahezu \u00fcberall m\u00f6glich: im Firmenhof, am Parkplatz, in der Produktionshalle, im Lagerraum, auf dem Fu\u00dfballplatz, auf dem Badestrand, \u2026<\/li>\r\n<li>Equipment: Wir stellen bei Bedarf s\u00e4mtliches Equipment f\u00fcr Klein- und Gro\u00dffeldtennis zur Verf\u00fcgung.<\/li>\r\n<\/ul>\r\n","protected":false},"excerpt":{"rendered":"<p>Unsere Leistungen \u2026 Wir sind mit Little Champ die erste Tennisschule, die sich auf den Bereich \u201eTennis meets Company\u201c spezialisiert hat. Wir bringen langj\u00e4hrige Erfahrung im Speed-Tennis mit und arbeiten in den Bereichen Eventmanagement, Organisation und Mitarbeitermotivation mit Partnern zusammen. Wir kreieren ein Gesamtpaket: Gemeinsam mit Ihnen kl\u00e4ren wir &#8211; je nach Zielsetzung &#8211; die [&hellip;]<\/p>\n","protected":false},"author":3,"featured_media":0,"parent":0,"menu_order":0,"comment_status":"closed","ping_status":"closed","template":"","meta":{"ngg_post_thumbnail":0,"footnotes":""},"class_list":["post-36","page","type-page","status-publish","hentry"],"_links":{"self":[{"href":"https:\/\/littlechamp.at\/index.php?rest_route=\/wp\/v2\/pages\/36","targetHints":{"allow":["GET"]}}],"collection":[{"href":"https:\/\/littlechamp.at\/index.php?rest_route=\/wp\/v2\/pages"}],"about":[{"href":"https:\/\/littlechamp.at\/index.php?rest_route=\/wp\/v2\/types\/page"}],"author":[{"embeddable":true,"href":"https:\/\/littlechamp.at\/index.php?rest_route=\/wp\/v2\/users\/3"}],"replies":[{"embeddable":true,"href":"https:\/\/littlechamp.at\/index.php?rest_route=%2Fwp%2Fv2%2Fcomments&post=36"}],"version-history":[{"count":3,"href":"https:\/\/littlechamp.at\/index.php?rest_route=\/wp\/v2\/pages\/36\/revisions"}],"predecessor-version":[{"id":432,"href":"https:\/\/littlechamp.at\/index.php?rest_route=\/wp\/v2\/pages\/36\/revisions\/432"}],"wp:attachment":[{"href":"https:\/\/littlechamp.at\/index.php?rest_route=%2Fwp%2Fv2%2Fmedia&parent=36"}],"curies":[{"name":"wp","href":"https:\/\/api.w.org\/{rel}","templated":true}]}}