{"id":34,"date":"2019-11-23T18:19:41","date_gmt":"2019-11-23T17:19:41","guid":{"rendered":"https:\/\/littlechamp.simpleclicks.at\/?page_id=34"},"modified":"2025-10-08T15:56:46","modified_gmt":"2025-10-08T13:56:46","slug":"speed-tennis","status":"publish","type":"page","link":"https:\/\/littlechamp.at\/?page_id=34","title":{"rendered":"Company meets Tennis"},"content":{"rendered":"\n<h1 class=\"wp-block-heading\">Speed-Tennis meets Company<\/h1>\n\n\n\n<p>\u2026 oder anders gesagt: \u201cIhr Unternehmen bewegt!\u201d<\/p>\n\n\n\n<p>\u201eGesundheit am Arbeitsplatz, Teamgeist, Gemeinschaftssinn, Betriebssport, Mitarbeitermotivation\u201c sind Begriffe, die laufend gro\u00dfe und kleine Unternehmen begleiten und in der Wirtschaft einen hohen Stellenwert einnehmen.<\/p>\n\n\n\n<p><p>Immer mehr UnternehmerInnen bauen auf die Kraft der Gemeinschaft. <br>Das Motto: <strong>&#8222;Keiner von uns ist so stark wie wir alle gemeinsam!&#8220;<\/strong><\/p>\n<p>In vielen Betrieben wird auf verschiedenste Art und Weise darauf eingegangen und vielf\u00e4ltige Ma\u00dfnahmen ergriffen \u2013 wie z.B. Adventure-Training, Motivationsseminare, gemeinsame Teilnahme an sportlichen Events, spezielle innerbetriebliche Projekte.<\/p><\/p>\n\n\n\n<figure class=\"wp-block-image\"><img loading=\"lazy\" decoding=\"async\" width=\"1024\" height=\"429\" src=\"https:\/\/littlechamp.simpleclicks.at\/wp-content\/uploads\/2019\/12\/AdobeStock_282498268-1024x429.jpeg\" alt=\"\" class=\"wp-image-170\" srcset=\"https:\/\/littlechamp.at\/wp-content\/uploads\/2019\/12\/AdobeStock_282498268-1024x429.jpeg 1024w, https:\/\/littlechamp.at\/wp-content\/uploads\/2019\/12\/AdobeStock_282498268-300x126.jpeg 300w, https:\/\/littlechamp.at\/wp-content\/uploads\/2019\/12\/AdobeStock_282498268-768x322.jpeg 768w, https:\/\/littlechamp.at\/wp-content\/uploads\/2019\/12\/AdobeStock_282498268-380x159.jpeg 380w\" sizes=\"auto, (max-width: 1024px) 100vw, 1024px\" \/><\/figure>\n\n\n\n<h1 class=\"wp-block-heading\">Little Champ kombiniert Speed-Tennis mit sportlicher Wohlf\u00fchl-Erfahrung \u2026<\/h1>\n\n\n\n<p>Wir von Little Champ unterst\u00fctzen Ihre Aktivit\u00e4ten in Sachen <strong>\u201ework-life-balance\u201c<\/strong>, und greifen Begriffe wie \u201eTeamgeist, Gemeinschaft, Gesundheit, Bewegung, Erlebnis, Emotion und Spa\u00df am Arbeitsplatz\u201c auf.<br>Wir verbinden diese Begriffe mit Speed-Tennis \u2013 darauf sind wir spezialisiert. In der Kombination Softball, Bewegung, Spielen und Teamgeist gibt es in K\u00e4rnten noch kein vergleichbares Angebot.<\/p>\n\n\n\n<p>Wir haben \u201ebewegende\u201c und spannende M\u00f6glichkeiten zusammengestellt, die wir Firmen jeder Gr\u00f6\u00dfe f\u00fcr die unterschiedlichsten Anl\u00e4sse bzw. Zielsetzungen anbieten.<\/p>\n\n\n\n<h1 class=\"wp-block-heading\">Es gibt viele Anl\u00e4sse \u2026<\/h1>\n\n\n\n<p>\u2026 um unsere Leistungen f\u00fcr Ihr Unternehmen in Anspruch zu nehmen:<\/p>\n\n\n\n<ul class=\"wp-block-list\">\n<li>Interne Aktivit\u00e4ten: Gemeinsame \u201eBewegung\u201c am Arbeitsplatz, Mitarbeitermotivation.<\/li>\n\n\n\n<li>Turniere f\u00fcr bzw. zwischen Firmen, Filialen, F\u00fchrungskr\u00e4ften \u2026 &#8211; sowohl mit Speed-Tennis als auch auf klassischen Tennispl\u00e4tzen<\/li>\n\n\n\n<li>Events wie Firmenfeiern, Kunden- und Mitarbeiterevents, Rahmenprogramm f\u00fcr den&nbsp;Tag der offenen T\u00fcr, Familientag, Sommerfeste, Jubil\u00e4en, Geburtstage \u2026<\/li>\n\n\n\n<li>Geschenkgutscheine (z. B. f\u00fcr Trainerstunden \u2026)<\/li>\n<\/ul>\n\n\n\n<ul class=\"wp-block-list\">\n<li><a href=\"https:\/\/littlechamp.at\/unsere-leistungen\/\">Unsere Leistungen<\/a><\/li>\n\n\n\n<li><a href=\"https:\/\/littlechamp.at\/ihr-nutzen\/\">Ihr Nutzen<\/a><\/li>\n\n\n\n<li><a href=\"https:\/\/littlechamp.at\/gut-zu-wissen\/\">Gut zu wissen \u2026<\/a><\/li>\n<\/ul>\n","protected":false},"excerpt":{"rendered":"<p>Speed-Tennis meets Company \u2026 oder anders gesagt: \u201cIhr Unternehmen bewegt!\u201d \u201eGesundheit am Arbeitsplatz, Teamgeist, Gemeinschaftssinn, Betriebssport, Mitarbeitermotivation\u201c sind Begriffe, die laufend gro\u00dfe und kleine Unternehmen begleiten und in der Wirtschaft einen hohen Stellenwert einnehmen. Immer mehr UnternehmerInnen bauen auf die Kraft der Gemeinschaft. Das Motto: &#8222;Keiner von uns ist so stark wie wir alle gemeinsam!&#8220; [&hellip;]<\/p>\n","protected":false},"author":3,"featured_media":0,"parent":0,"menu_order":0,"comment_status":"closed","ping_status":"closed","template":"","meta":{"ngg_post_thumbnail":0,"footnotes":""},"class_list":["post-34","page","type-page","status-publish","hentry"],"_links":{"self":[{"href":"https:\/\/littlechamp.at\/index.php?rest_route=\/wp\/v2\/pages\/34","targetHints":{"allow":["GET"]}}],"collection":[{"href":"https:\/\/littlechamp.at\/index.php?rest_route=\/wp\/v2\/pages"}],"about":[{"href":"https:\/\/littlechamp.at\/index.php?rest_route=\/wp\/v2\/types\/page"}],"author":[{"embeddable":true,"href":"https:\/\/littlechamp.at\/index.php?rest_route=\/wp\/v2\/users\/3"}],"replies":[{"embeddable":true,"href":"https:\/\/littlechamp.at\/index.php?rest_route=%2Fwp%2Fv2%2Fcomments&post=34"}],"version-history":[{"count":16,"href":"https:\/\/littlechamp.at\/index.php?rest_route=\/wp\/v2\/pages\/34\/revisions"}],"predecessor-version":[{"id":648,"href":"https:\/\/littlechamp.at\/index.php?rest_route=\/wp\/v2\/pages\/34\/revisions\/648"}],"wp:attachment":[{"href":"https:\/\/littlechamp.at\/index.php?rest_route=%2Fwp%2Fv2%2Fmedia&parent=34"}],"curies":[{"name":"wp","href":"https:\/\/api.w.org\/{rel}","templated":true}]}}