{"id":30,"date":"2019-11-23T18:18:45","date_gmt":"2019-11-23T17:18:45","guid":{"rendered":"https:\/\/littlechamp.simpleclicks.at\/?page_id=30"},"modified":"2020-12-17T11:58:29","modified_gmt":"2020-12-17T10:58:29","slug":"unternehmen-in-bewegung","status":"publish","type":"page","link":"https:\/\/littlechamp.at\/?page_id=30","title":{"rendered":"Before or after work Tennis"},"content":{"rendered":"\r\n<h1 class=\"wp-block-heading\">\u201eUnternehmen in Bewegung\u201c<\/h1>\r\n\r\n\r\n\r\n<figure class=\"wp-block-image\"><img loading=\"lazy\" decoding=\"async\" width=\"1024\" height=\"683\" class=\"wp-image-167\" src=\"https:\/\/littlechamp.simpleclicks.at\/wp-content\/uploads\/2019\/12\/AdobeStock_212119711-1024x683.jpeg\" alt=\"\" srcset=\"https:\/\/littlechamp.at\/wp-content\/uploads\/2019\/12\/AdobeStock_212119711-1024x683.jpeg 1024w, https:\/\/littlechamp.at\/wp-content\/uploads\/2019\/12\/AdobeStock_212119711-300x200.jpeg 300w, https:\/\/littlechamp.at\/wp-content\/uploads\/2019\/12\/AdobeStock_212119711-768x512.jpeg 768w, https:\/\/littlechamp.at\/wp-content\/uploads\/2019\/12\/AdobeStock_212119711-380x253.jpeg 380w\" sizes=\"auto, (max-width: 1024px) 100vw, 1024px\" \/><\/figure>\r\n\r\n\r\n\r\n<p>Speziell f\u00fcr Unternehmen bietet Little Champ verschiedene Leistungspakte. Das Ziel: Gesundheit und Bewegung im Unternehmen f\u00f6rdern und somit die Gruppendynamik und den Teamgeist im Unternehmen zu st\u00e4rken. Little Champ bietet f\u00fcr verschiedenste Veranstaltungen (vom Mitarbeiter-Turnier bis hin zum Tennis-Event-Gesamtpaket) fachliches Know-how,&nbsp;organisatorische Unterst\u00fctzung und die&nbsp;Umsetzung an.<\/p>\r\n","protected":false},"excerpt":{"rendered":"<p>\u201eUnternehmen in Bewegung\u201c Speziell f\u00fcr Unternehmen bietet Little Champ verschiedene Leistungspakte. Das Ziel: Gesundheit und Bewegung im Unternehmen f\u00f6rdern und somit die Gruppendynamik und den Teamgeist im Unternehmen zu st\u00e4rken. Little Champ bietet f\u00fcr verschiedenste Veranstaltungen (vom Mitarbeiter-Turnier bis hin zum Tennis-Event-Gesamtpaket) fachliches Know-how,&nbsp;organisatorische Unterst\u00fctzung und die&nbsp;Umsetzung an.<\/p>\n","protected":false},"author":3,"featured_media":211,"parent":0,"menu_order":0,"comment_status":"closed","ping_status":"closed","template":"","meta":{"ngg_post_thumbnail":0,"footnotes":""},"class_list":["post-30","page","type-page","status-publish","has-post-thumbnail","hentry"],"_links":{"self":[{"href":"https:\/\/littlechamp.at\/index.php?rest_route=\/wp\/v2\/pages\/30","targetHints":{"allow":["GET"]}}],"collection":[{"href":"https:\/\/littlechamp.at\/index.php?rest_route=\/wp\/v2\/pages"}],"about":[{"href":"https:\/\/littlechamp.at\/index.php?rest_route=\/wp\/v2\/types\/page"}],"author":[{"embeddable":true,"href":"https:\/\/littlechamp.at\/index.php?rest_route=\/wp\/v2\/users\/3"}],"replies":[{"embeddable":true,"href":"https:\/\/littlechamp.at\/index.php?rest_route=%2Fwp%2Fv2%2Fcomments&post=30"}],"version-history":[{"count":6,"href":"https:\/\/littlechamp.at\/index.php?rest_route=\/wp\/v2\/pages\/30\/revisions"}],"predecessor-version":[{"id":409,"href":"https:\/\/littlechamp.at\/index.php?rest_route=\/wp\/v2\/pages\/30\/revisions\/409"}],"wp:featuredmedia":[{"embeddable":true,"href":"https:\/\/littlechamp.at\/index.php?rest_route=\/wp\/v2\/media\/211"}],"wp:attachment":[{"href":"https:\/\/littlechamp.at\/index.php?rest_route=%2Fwp%2Fv2%2Fmedia&parent=30"}],"curies":[{"name":"wp","href":"https:\/\/api.w.org\/{rel}","templated":true}]}}