{"id":22,"date":"2019-11-23T18:16:49","date_gmt":"2019-11-23T17:16:49","guid":{"rendered":"https:\/\/littlechamp.simpleclicks.at\/?page_id=22"},"modified":"2020-01-16T15:12:46","modified_gmt":"2020-01-16T14:12:46","slug":"kinder-und-jugendtennis","status":"publish","type":"page","link":"https:\/\/littlechamp.at\/?page_id=22","title":{"rendered":"Kinder- und Jugendtennis"},"content":{"rendered":"\r\n<h1 class=\"wp-block-heading\">Kinder- und Jugendtennis (4-10 Jahre bzw. \u00e4lter):<\/h1>\r\n\r\n\r\n\r\n<p>Dieser Bereich z\u00e4hlt zu einem besonderen Schwerpunkt der Little Champ Tennisschule. Kinder erlernen auf spielerische Weise im Kleinfeld den Umgang mit dem Tennisball \u2013 gleichzeitig werden Motorik und Koordination gef\u00f6rdert. Ziele werden gemeinsam mit den Sch\u00fclern definiert &#8211; doch alles frei von Leistungsdruck und \u00dcberforderung.<\/p>\r\n","protected":false},"excerpt":{"rendered":"<p>Kinder- und Jugendtennis (4-10 Jahre bzw. \u00e4lter): Dieser Bereich z\u00e4hlt zu einem besonderen Schwerpunkt der Little Champ Tennisschule. Kinder erlernen auf spielerische Weise im Kleinfeld den Umgang mit dem Tennisball \u2013 gleichzeitig werden Motorik und Koordination gef\u00f6rdert. Ziele werden gemeinsam mit den Sch\u00fclern definiert &#8211; doch alles frei von Leistungsdruck und \u00dcberforderung.<\/p>\n","protected":false},"author":3,"featured_media":0,"parent":0,"menu_order":0,"comment_status":"closed","ping_status":"closed","template":"","meta":{"ngg_post_thumbnail":0,"footnotes":""},"class_list":["post-22","page","type-page","status-publish","hentry"],"_links":{"self":[{"href":"https:\/\/littlechamp.at\/index.php?rest_route=\/wp\/v2\/pages\/22","targetHints":{"allow":["GET"]}}],"collection":[{"href":"https:\/\/littlechamp.at\/index.php?rest_route=\/wp\/v2\/pages"}],"about":[{"href":"https:\/\/littlechamp.at\/index.php?rest_route=\/wp\/v2\/types\/page"}],"author":[{"embeddable":true,"href":"https:\/\/littlechamp.at\/index.php?rest_route=\/wp\/v2\/users\/3"}],"replies":[{"embeddable":true,"href":"https:\/\/littlechamp.at\/index.php?rest_route=%2Fwp%2Fv2%2Fcomments&post=22"}],"version-history":[{"count":2,"href":"https:\/\/littlechamp.at\/index.php?rest_route=\/wp\/v2\/pages\/22\/revisions"}],"predecessor-version":[{"id":195,"href":"https:\/\/littlechamp.at\/index.php?rest_route=\/wp\/v2\/pages\/22\/revisions\/195"}],"wp:attachment":[{"href":"https:\/\/littlechamp.at\/index.php?rest_route=%2Fwp%2Fv2%2Fmedia&parent=22"}],"curies":[{"name":"wp","href":"https:\/\/api.w.org\/{rel}","templated":true}]}}