{"id":218,"date":"2019-12-02T10:13:25","date_gmt":"2019-12-02T09:13:25","guid":{"rendered":"https:\/\/littlechamp.simpleclicks.at\/?page_id=218"},"modified":"2020-12-17T17:13:56","modified_gmt":"2020-12-17T16:13:56","slug":"sk-brunnenbohr-business-challenge","status":"publish","type":"page","link":"https:\/\/littlechamp.at\/?page_id=218","title":{"rendered":"S&#038;K Brunnenbohr Business Challenge"},"content":{"rendered":"<p>R\u00fcckblick:<br \/>\n<strong>Ein Innova(c)tionstag f\u00fcr&nbsp;Unternehmerinnen und Unternehmer&nbsp;<\/strong><\/p>\n<p>F\u00fcr mehr Informationen klicken Sie bitte&nbsp;auf das blaue Logo&nbsp;\u201eBusiness Challenge 2017\u201c.<\/p>\n<div class=\"wonderplugin-video\" style=\"width:600px;height:400px;position:relative;background-color:#000;overflow:hidden;max-width:100%;margin:0 auto\" data-aspectratio=\"1.5\"><iframe loading=\"lazy\" class=\"wpve-iframe\" width=\"100%\" height=\"100%\" src=\"https:\/\/www.btvon.at\/index.php\/video\/2429\/die-s-k-brunnenbohr-business-challenge\/\" frameborder=\"0\" allowfullscreen><\/iframe><\/div>\n<p>Ein gro\u00dfes&nbsp;DANKE an alle,<br \/>\ndie zum erfolgreichen Gelingen<br \/>\nder Business Challenge&nbsp;beigetragen haben!<\/p>\n<p>Powered by Hirterbier, molemab und Sportastic \u2013 presented by Kronenzeitung<\/p>\n","protected":false},"excerpt":{"rendered":"<p>R\u00fcckblick: Ein Innova(c)tionstag f\u00fcr&nbsp;Unternehmerinnen und Unternehmer&nbsp; F\u00fcr mehr Informationen klicken Sie bitte&nbsp;auf das blaue Logo&nbsp;\u201eBusiness Challenge 2017\u201c. Ein gro\u00dfes&nbsp;DANKE an alle, die zum erfolgreichen Gelingen der Business Challenge&nbsp;beigetragen haben! Powered by Hirterbier, molemab und Sportastic \u2013 presented by Kronenzeitung<\/p>\n","protected":false},"author":3,"featured_media":207,"parent":0,"menu_order":0,"comment_status":"closed","ping_status":"closed","template":"","meta":{"ngg_post_thumbnail":0,"footnotes":""},"class_list":["post-218","page","type-page","status-publish","has-post-thumbnail","hentry"],"_links":{"self":[{"href":"https:\/\/littlechamp.at\/index.php?rest_route=\/wp\/v2\/pages\/218","targetHints":{"allow":["GET"]}}],"collection":[{"href":"https:\/\/littlechamp.at\/index.php?rest_route=\/wp\/v2\/pages"}],"about":[{"href":"https:\/\/littlechamp.at\/index.php?rest_route=\/wp\/v2\/types\/page"}],"author":[{"embeddable":true,"href":"https:\/\/littlechamp.at\/index.php?rest_route=\/wp\/v2\/users\/3"}],"replies":[{"embeddable":true,"href":"https:\/\/littlechamp.at\/index.php?rest_route=%2Fwp%2Fv2%2Fcomments&post=218"}],"version-history":[{"count":4,"href":"https:\/\/littlechamp.at\/index.php?rest_route=\/wp\/v2\/pages\/218\/revisions"}],"predecessor-version":[{"id":460,"href":"https:\/\/littlechamp.at\/index.php?rest_route=\/wp\/v2\/pages\/218\/revisions\/460"}],"wp:featuredmedia":[{"embeddable":true,"href":"https:\/\/littlechamp.at\/index.php?rest_route=\/wp\/v2\/media\/207"}],"wp:attachment":[{"href":"https:\/\/littlechamp.at\/index.php?rest_route=%2Fwp%2Fv2%2Fmedia&parent=218"}],"curies":[{"name":"wp","href":"https:\/\/api.w.org\/{rel}","templated":true}]}}