{"id":200,"date":"2019-12-02T09:35:30","date_gmt":"2019-12-02T08:35:30","guid":{"rendered":"https:\/\/littlechamp.simpleclicks.at\/?page_id=200"},"modified":"2019-12-02T09:35:30","modified_gmt":"2019-12-02T08:35:30","slug":"impressum-datenschutz","status":"publish","type":"page","link":"https:\/\/littlechamp.at\/?page_id=200","title":{"rendered":"Impressum\/Datenschutz"},"content":{"rendered":"<h3>Impressum, Offenlegung und Informationen gem. \u00a7 5 ECG, \u00a7 14 UGB:<\/h3>\n<p>F\u00fcr den Inhalt dieser Website ist das auf der Roofpage <a href=\"http:\/\/littlechamp.at\/kontakt\">dargestellte Unternehmen<\/a> verantwortlich.<br \/>\nDas Roofpage(c)-Concept ist eine standardisierte Unternehmensrepr\u00e4sentationssite im Internet.<br \/>\nN\u00e4here Informationen unter <a href=\"http:\/\/www.roofpage.at\">Roofpage.at<\/a> ein Service der Firma <a href=\"http:\/\/www.softwaregutachten.at\">Softwaregutachten.at<\/a>.<\/p>\n<h3>Erkl\u00e4rung zur Informationspflicht\/Datenschutzerkl\u00e4rung<\/h3>\n<p>Der Schutz Ihrer pers\u00f6nlichen Daten ist uns ein besonderes Anliegen. Wir verarbeiten Ihre Daten daher ausschlie\u00dflich auf Grundlage der gesetzlichen Bestimmungen (DSGVO, TKG 2003). In diesen Datenschutzinformationen informieren wir Sie \u00fcber die wichtigsten Aspekte der Datenverarbeitung im Rahmen unserer Website.<\/p>\n<h4>Kontakt mit uns<\/h4>\n<p>Wenn Sie per Formular auf der Website oder per E-Mail Kontakt mit uns aufnehmen, werden Ihre angegebenen Daten zwecks Bearbeitung der Anfrage und f\u00fcr den Fall von Anschlussfragen sechs Monate bei uns gespeichert. Diese Daten geben wir nicht ohne Ihre Einwilligung weiter.<\/p>\n<h4>Datenspeicherung<\/h4>\n<p>Wir betreiben zeitweise einen Webshop mit Aktionsartikeln auf unserer Website. Daher weisen wir\u00a0darauf hin, dass zum Zweck des einfacheren Einkaufsvorganges und zur sp\u00e4teren Vertragsabwicklung im Rahmen von Cookies die IP-Daten des Anschlussinhabers gespeichert werden, ebenso wie Name, Anschrift und gegebenenfalls Kreditkartennummer\u00a0des K\u00e4ufers.<\/p>\n<p>Dar\u00fcber hinaus werden zum Zweck der Vertragsabwicklung folgende Daten auch bei uns gespeichert:<\/p>\n<ul>\n<li>Ihr Umsatz in den letzten sechs Monaten<\/li>\n<li>Ihre Rechnungsadresse, falls abweichend zur Anschrift<\/li>\n<li>Ihre Steuer- und Firmenbuchnummer (falls angegeben).<\/li>\n<\/ul>\n<p>Die von Ihnen bereit gestellten Daten sind zur Vertragserf\u00fcllung bzw. zur Durchf\u00fchrung vorvertraglicher Ma\u00dfnahmen erforderlich. Ohne diese Daten k\u00f6nnen wir den Vertrag mit Ihnen nicht abschlie\u00dfen. Eine Daten\u00fcbermittlung an Dritte erfolgt nicht, mit Ausnahme der \u00dcbermittlung der Kreditkartendaten an die abwickelnden Bankinstitute \/ Zahlungsdienstleister zum Zwecke der Abbuchung des Einkaufspreises, an das von uns beauftragte Transportunternehmen\/Versandunternehmen zur Zustellung der Ware sowie an unseren Steuerberater zur Erf\u00fcllung unserer steuerrechtlichen Verpflichtungen.<\/p>\n<p>Nach Abbruch des Einkaufsvorganges werden die bei uns gespeicherten Daten gel\u00f6scht. Im Falle eines Vertragsabschlusses werden s\u00e4mtliche Daten aus dem Vertragsverh\u00e4ltnis bis zum Ablauf der steuerrechtlichen Aufbewahrungsfrist (7 Jahre) gespeichert.<\/p>\n<p>Die Daten Name, Anschrift, gekaufte Waren und Kaufdatum werden dar\u00fcber hinaus gehend bis zum Ablauf der Produkthaftung (10 Jahre) gespeichert.\u00a0 Die Datenverarbeitung erfolgt auf Basis der gesetzlichen Bestimmungen des \u00a7 96 Abs 3 TKG sowie des Art 6 Abs 1 lit a (Einwilligung) und\/oder lit b (notwendig zur Vertragserf\u00fcllung) der DSGVO.<\/p>\n<h4>Cookies<\/h4>\n<p>Unsere Website verwendet so genannte Cookies. Dabei handelt es sich um kleine Textdateien, die mit Hilfe des Browsers auf Ihrem Endger\u00e4t abgelegt werden. Sie richten keinen Schaden an.<\/p>\n<p>Wir nutzen Cookies dazu, unser Angebot nutzerfreundlich zu gestalten. Einige Cookies bleiben auf Ihrem Endger\u00e4t gespeichert, bis Sie diese l\u00f6schen. Sie erm\u00f6glichen es uns, Ihren Browser beim n\u00e4chsten Besuch wiederzuerkennen.<\/p>\n<p>Wenn Sie dies nicht w\u00fcnschen, so k\u00f6nnen Sie Ihren Browser so einrichten, dass er Sie \u00fcber das Setzen von Cookies informiert und Sie dies nur im Einzelfall erlauben.<\/p>\n<p>Bei der Deaktivierung von Cookies kann die Funktionalit\u00e4t unserer Website eingeschr\u00e4nkt sein.<\/p>\n<h4>Web-Analyse<\/h4>\n<p>Unsere Website verwendet Funktionen des Webanalysedienstes Google Analytics,\u00a0einen Webanalysedienst der Google Inc, (1600 Amphitheatre Parkway Mountain View, CA 94043, USA;). Hierdurch ist es m\u00f6glich, Daten, Sitzungen und Interaktionen \u00fcber mehrere Ger\u00e4te hinweg einer pseudonymen User-ID zuzuordnen und so die Aktivit\u00e4ten eines Nutzers ger\u00e4te\u00fcbergreifend zu analysieren.<\/p>\n<p>Google Analytics verwendet sog. Cookies, Textdateien, die auf Ihrem Computer gespeichert werden und die eine Analyse der Benutzung der Website durch Sie erm\u00f6glichen. Die durch das Cookie erzeugten Informationen \u00fcber Ihre Benutzung dieser Website werden in der Regel an einen Server von Google in den USA \u00fcbertragen und dort gespeichert. Im Falle der Aktivierung der IP-Anonymisierung auf dieser Website, wird Ihre IP-Adresse von Google jedoch innerhalb von Mitgliedstaaten der Europ\u00e4ischen Union oder in anderen Vertragsstaaten des Abkommens \u00fcber den Europ\u00e4ischen Wirtschaftsraum zuvor gek\u00fcrzt. Nur in Ausnahmef\u00e4llen wird die volle IP-Adresse an einen Server von Google in den USA \u00fcbertragen und dort gek\u00fcrzt.<br \/>\nDie im Rahmen von Google Analytics von Ihrem Browser \u00fcbermittelte IP-Adresse wird nicht mit anderen Daten von Google zusammengef\u00fchrt.<br \/>\nIm Auftrag des Betreibers dieser Website wird Google diese Informationen benutzen, um Ihre Nutzung der Website auszuwerten, um Reports \u00fcber die Websiteaktivit\u00e4ten zusammenzustellen und um weitere mit der Websitenutzung und der Internetnutzung verbundene Dienstleistungen gegen\u00fcber dem Websitebetreiber zu erbringen. In diesen Zwecken liegt auch unser berechtigtes Interesse an der Datenverarbeitung. Die Rechtsgrundlage f\u00fcr den Einsatz von Google Analytics ist \u00a7 15 Abs. 3 TMG bzw. Art. 6 Abs. 1 lit. f DSGVO.<br \/>\nDie von uns gesendeten und mit Cookies, Nutzerkennungen (z. B. User-ID) oder Werbe-IDs verkn\u00fcpften Daten werden nach 14 Monaten automatisch gel\u00f6scht.<br \/>\nDie L\u00f6schung von Daten, deren Aufbewahrungsdauer erreicht ist, erfolgt automatisch einmal im Monat. N\u00e4here Informationen zu Nutzungsbedingungen und Datenschutz finden Sie unter\u00a0<a href=\"https:\/\/www.google.com\/analytics\/terms\/de.html\" target=\"_blank\" rel=\"noopener noreferrer\">google.com\/analytics\/terms<\/a>\u00a0bzw. unter\u00a0<a href=\"https:\/\/policies.google.com\/?hl=de%22%20target=%22_blank%22%3Ehttps:\/\/policies.google.com\/?hl=de\" target=\"_blank\" rel=\"noopener noreferrer\">policies.google.com<\/a><\/p>\n<p>Sie k\u00f6nnen die Speicherung der Cookies durch eine entsprechende Einstellung Ihrer Browser-Software verhindern; wir weisen Sie jedoch darauf hin, dass Sie in diesem Fall gegebenenfalls nicht s\u00e4mtliche Funktionen dieser Website vollumf\u00e4nglich werden nutzen k\u00f6nnen. Sie k\u00f6nnen dar\u00fcber hinaus die Erfassung der durch das Cookie erzeugten und auf Ihre Nutzung der Website bezogenen Daten (inkl. Ihrer IP-Adresse) an Google sowie die Verarbeitung dieser Daten durch Google verhindern, indem Sie dieses\u00a0<a href=\"https:\/\/tools.google.com\/dlpage\/gaoptout?hl=de\" target=\"_blank\" rel=\"noopener noreferrer\">Browser-Add-on<\/a>\u00a0herunterladen und installieren.<br \/>\nOpt-Out-Cookies verhindern die zuk\u00fcnftige Erfassung Ihrer Daten beim Besuch dieser Website. Um die Erfassung durch Universal Analytics \u00fcber verschiedene Ger\u00e4te hinweg zu verhindern, m\u00fcssen Sie das Opt-Out auf allen genutzten Systemen durchf\u00fchren.<\/p>\n<p>Die Datenverarbeitung erfolgt auf Basis der gesetzlichen Bestimmungen des \u00a7 96 Abs 3 TKG sowie des Art 6 Abs 1 lit a (Einwilligung) und\/oder f (berechtigtes Interesse) der DSGVO.<\/p>\n<p>Unser Anliegen im Sinne der DSGVO (berechtigtes Interesse) ist die Verbesserung unseres Angebotes und unseres Webauftritts.<\/p>\n<h4>Newsletter<\/h4>\n<p>Sie haben die M\u00f6glichkeit, \u00fcber unsere Website unseren Newsletter zu abonnieren. Hierf\u00fcr ben\u00f6tigen wir Ihre E-Mail-Adresse und ihre Erkl\u00e4rung, dass Sie mit dem Bezug des Newsletters einverstanden sind.<\/p>\n<p>Sobald Sie sich f\u00fcr den Newsletter angemeldet haben, senden wir Ihnen ein Best\u00e4tigungs-E-Mail mit einem Link zur Best\u00e4tigung der Anmeldung.<\/p>\n<p>Das Abo des Newsletters k\u00f6nnen Sie jederzeit stornieren. Senden Sie Ihre Stornierung bitte einfach formlos an unsere Emailadresse. Wir l\u00f6schen anschlie\u00dfend umgehend Ihre Daten im Zusammenhang mit dem Newsletter-Versand.<\/p>\n<h4>Ihre Rechte<\/h4>\n<p>Ihnen stehen grunds\u00e4tzlich die Rechte auf Auskunft, Berichtigung, L\u00f6schung, Einschr\u00e4nkung, Daten\u00fcbertragbarkeit, Widerruf und Widerspruch zu. Wenn Sie glauben, dass die Verarbeitung Ihrer Daten gegen das Datenschutzrecht verst\u00f6\u00dft oder Ihre datenschutzrechtlichen Anspr\u00fcche sonst in einer Weise verletzt worden sind, k\u00f6nnen Sie sich bei der Aufsichtsbeh\u00f6rde beschweren. In \u00d6sterreich ist dies die Datenschutzbeh\u00f6rde. Lieber w\u00e4re es uns jedoch, Sie melden sich vorher bei uns und wir k\u00f6nnen das auf dementsprechend k\u00fcrzerem Weg kl\u00e4ren und gegebenenfalls beseitigen.<\/p>\n<h4>Sie erreichen uns unter folgenden Kontaktdaten:<\/h4>\n<p>Telefon: <a href=\"tel:+436644049091\">+43 (0)664 404 90 91<\/a><br \/>\nE-Mail: <a href=\"mailto:office@littlechamp.at\">office@littlechamp.at<\/a><\/p>\n<h4>\u00a0Social Media<\/h4>\n<p><strong>Datenschutzerkl\u00e4rung f\u00fcr die Nutzung von Facebook- und Instagram-PlugIns (Like-Button)<\/strong><\/p>\n<p>Auf unseren Seiten sind PlugIns des gesellschaftlichen Netzwerks Facebook (bzw. Instagram), 1601 South California Avenue, Palo Alto, CA 94304, USA integriert. Die Facebook-PlugIns erkennen Sie an dem Facebook-Logo oder dem \u201eLike-Button\u201d (\u201cGef\u00e4llt mir\u201d) auf unserer Seite. Eine \u00dcbersicht \u00fcber die Facebook-PlugIns finden Sie hier:\u00a0<a href=\"http:\/\/developers.facebook.com\/docs\/plugins\/\">http:\/\/developers.facebook.com\/docs\/plugins\/<\/a>. Wenn Sie unsere Seiten besuchen, wird \u00fcber das PlugIn eine direkte Verbindung zwischen Ihrem Browser und dem Facebook-Server hergestellt. Facebook erh\u00e4lt dadurch die Information, dass Sie mit Ihrer IP-Adresse unsere Seite besucht haben. Wenn Sie den Facebook \u201eLike-Button\u201d anklicken, w\u00e4hrend Sie in Ihrem Facebook-Account eingeloggt sind, k\u00f6nnen Sie die Inhalte unserer Seiten auf Ihrem Facebook-Profil verlinken. Dadurch kann Facebook den Besuch unserer Seiten Ihrem Benutzerkonto zuordnen. Wir weisen darauf hin, dass wir als Anbieter der Seiten keine Kenntnis vom Inhalt der \u00fcbermittelten Daten sowie deren Nutzung durch Facebook erhalten. Weitere Informationen hierzu finden Sie in der Datenschutzerkl\u00e4rung von Facebook unter<a href=\"https:\/\/www.facebook.com\/about\/privacy\/\">https:\/\/www.facebook.com\/about\/privacy\/<\/a>. Wenn Sie nicht w\u00fcnschen, dass Facebook den Besuch unserer Seiten Ihrem Facebook-Nutzerkonto zuordnen kann, loggen Sie sich bitte aus Ihrem Facebook-Benutzerkonto aus.<\/p>\n<p><strong>Datenschutzerkl\u00e4rung f\u00fcr die Nutzung von Google +1<\/strong><\/p>\n<p>Erfassung und Weitergabe von Informationen: Mithilfe der Google +1-Schaltfl\u00e4che k\u00f6nnen Sie Informationen weltweit ver\u00f6ffentlichen. \u00fcber die Google +1-Schaltfl\u00e4che erhalten Sie und andere Nutzer personalisierte Inhalte von Google und unseren Partnern. Google speichert sowohl die Information, dass Sie f\u00fcr einen Inhalt +1 gegeben haben, als auch Informationen \u00fcber die Seite, die Sie beim Klicken auf +1 angesehen haben. Ihre +1 k\u00f6nnen als Hinweise zusammen mit Ihrem Profilnamen und Ihrem Foto in Google-Diensten, wie etwa in Suchergebnissen oder in Ihrem Google-Profil, oder an anderen Stellen auf Websites und Anzeigen im Internet eingeblendet werden Google zeichnet Informationen \u00fcber Ihre +1-Aktivit\u00e4ten auf, um die Google-Dienste f\u00fcr Sie und andere zu verbessern. Um die Google +1-Schaltfl\u00e4che verwenden zu k\u00f6nnen, ben\u00f6tigen Sie ein weltweit sichtbares, \u00f6ffentliches Google-Profil, das zumindest den f\u00fcr das Profil gew\u00e4hlten Namen enthalten muss. Dieser Name wird in allen Google-Diensten verwendet. In manchen F\u00e4llen kann dieser Name auch einen anderen Namen ersetzen, den Sie beim Teilen von Inhalten \u00fcber Ihr Google-Konto verwendet haben. Die Identit\u00e4t Ihres Google-Profils kann Nutzern angezeigt werden, die Ihre E-Mail-Adresse kennen oder \u00fcber andere identifizierende Informationen von Ihnen verf\u00fcgen. Verwendung der erfassten Informationen: Neben den oben erl\u00e4uterten Verwendungszwecken werden die von Ihnen bereitgestellten Informationen gem\u00e4\u00df den geltenden Google-Datenschutzbestimmungen genutzt. Google ver\u00f6ffentlicht m\u00f6glicherweise zusammengefasste Statistiken \u00fcber die +1-Aktivit\u00e4ten der Nutzer bzw. gibt diese an Nutzer und Partner weiter, wie etwa Publisher, Inserenten oder verbundene Websites.<\/p>\n<p><strong>Datenschutzerkl\u00e4rung f\u00fcr die Nutzung von Twitter<\/strong><\/p>\n<p>Auf unseren Seiten sind Funktionen des Dienstes Twitter eingebunden. Diese Funktionen werden angeboten durch die Twitter Inc., 795 Folsom St., Suite 600, San Francisco, CA 94107, USA. Durch das Benutzen von Twitter und der Funktion \u201cRe-Tweet\u201d werden die von Ihnen besuchten Webseiten mit Ihrem Twitter-Account verkn\u00fcpft und anderen Nutzern bekannt gegeben. Dabei werden auch Daten an Twitter \u00fcbertragen. Wir weisen darauf hin, dass wir als Anbieter der Seiten keine Kenntnis vom Inhalt der \u00fcbermittelten Daten sowie deren Nutzung durch Twitter erhalten. Weitere Informationen hierzu finden Sie in der Datenschutzerkl\u00e4rung von Twitter unter\u00a0<a href=\"http:\/\/twitter.com\/privacy\" target=\"_blank\" rel=\"noopener noreferrer\">http:\/\/twitter.com\/privacy<\/a>. Ihre Datenschutzeinstellungen bei Twitter k\u00f6nnen Sie in den Konto-Einstellungen unter\u00a0<a href=\"http:\/\/twitter.com\/account\/settings\" target=\"_blank\" rel=\"noopener noreferrer\">http:\/\/twitter.com\/account\/settings<\/a>\u00a0\u00e4ndern.<\/p>\n","protected":false},"excerpt":{"rendered":"<p>Impressum, Offenlegung und Informationen gem. \u00a7 5 ECG, \u00a7 14 UGB: F\u00fcr den Inhalt dieser Website ist das auf der Roofpage dargestellte Unternehmen verantwortlich. Das Roofpage(c)-Concept ist eine standardisierte Unternehmensrepr\u00e4sentationssite im Internet. N\u00e4here Informationen unter Roofpage.at ein Service der Firma Softwaregutachten.at. Erkl\u00e4rung zur Informationspflicht\/Datenschutzerkl\u00e4rung Der Schutz Ihrer pers\u00f6nlichen Daten ist uns ein besonderes Anliegen. Wir [&hellip;]<\/p>\n","protected":false},"author":3,"featured_media":0,"parent":0,"menu_order":0,"comment_status":"closed","ping_status":"closed","template":"","meta":{"ngg_post_thumbnail":0,"footnotes":""},"class_list":["post-200","page","type-page","status-publish","hentry"],"_links":{"self":[{"href":"https:\/\/littlechamp.at\/index.php?rest_route=\/wp\/v2\/pages\/200","targetHints":{"allow":["GET"]}}],"collection":[{"href":"https:\/\/littlechamp.at\/index.php?rest_route=\/wp\/v2\/pages"}],"about":[{"href":"https:\/\/littlechamp.at\/index.php?rest_route=\/wp\/v2\/types\/page"}],"author":[{"embeddable":true,"href":"https:\/\/littlechamp.at\/index.php?rest_route=\/wp\/v2\/users\/3"}],"replies":[{"embeddable":true,"href":"https:\/\/littlechamp.at\/index.php?rest_route=%2Fwp%2Fv2%2Fcomments&post=200"}],"version-history":[{"count":1,"href":"https:\/\/littlechamp.at\/index.php?rest_route=\/wp\/v2\/pages\/200\/revisions"}],"predecessor-version":[{"id":201,"href":"https:\/\/littlechamp.at\/index.php?rest_route=\/wp\/v2\/pages\/200\/revisions\/201"}],"wp:attachment":[{"href":"https:\/\/littlechamp.at\/index.php?rest_route=%2Fwp%2Fv2%2Fmedia&parent=200"}],"curies":[{"name":"wp","href":"https:\/\/api.w.org\/{rel}","templated":true}]}}