{"id":20,"date":"2019-11-23T18:16:21","date_gmt":"2019-11-23T17:16:21","guid":{"rendered":"https:\/\/littlechamp.simpleclicks.at\/?page_id=20"},"modified":"2020-01-27T12:44:58","modified_gmt":"2020-01-27T11:44:58","slug":"das-besondere-an-lcts","status":"publish","type":"page","link":"https:\/\/littlechamp.at\/?page_id=20","title":{"rendered":"Das Besondere an LCTS"},"content":{"rendered":"\r\n<h1 class=\"wp-block-heading\">Das Besondere an LCTS<\/h1>\r\n\r\n\r\n\r\n<h1 class=\"wp-block-heading\">Tennisschule mit Ganzjahresbetrieb \u2026<\/h1>\r\n\r\n\r\n\r\n<p>Einsteiger und Profis k\u00f6nnen das Angebot der&nbsp;<strong>Little Champ Tennisschule<\/strong>&nbsp;sowohl in Form von Sommercamps oder Trainingsbl\u00f6cken, als auch \u00fcber einen l\u00e4ngeren Zeitraum in Anspruch nehmen. Gemeinsam werden Trainingsziele definiert, altersgerechte Trainingsschwerpunkte gesetzt und durch methodische Lehr- und Unterrichtshilfen unterst\u00fctzt. Das Training verl\u00e4uft ganzheitlich, kontinuierlich, nachhaltig \u2013 und ohne Leistungsdruck. In periodischen Abst\u00e4nden erstellen wir mit Ihnen ein pers\u00f6nliches Technikprofil (Trainingscontrolling).<\/p>\r\n\r\n\r\n\r\n<h1 class=\"wp-block-heading\">Erfahrene Trainer \u2026<\/h1>\r\n\r\n\r\n\r\n<p>Die Little Champ-Trainer bilden sich laufend weiter und bleiben auch in Bezug auf Technik, Methodik, Material und Didaktik am neuesten Stand \u2013 sprichw\u00f6rtlich \u201eam Ball\u201c.<\/p>\r\n\r\n\r\n\r\n<ul class=\"wp-block-list\">\r\n<li><a href=\"https:\/\/littlechamp.simpleclicks.at\/manfred-felsberger\/\"><b>Manfred Felsberger<\/b><\/a>, Firmeninhaber, bringt nicht nur 25-j\u00e4hrige Trainer-Erfahrung mit, sondern ist gleichzeitig f\u00fcr Leitung und Management, sowie die sportliche Entwicklung der Tennisschule verantwortlich.<\/li>\r\n<li><strong><a href=\"https:\/\/littlechamp.simpleclicks.at\/mag-eduard-polte\/\">Mag. Eduard Polte<\/a>,<\/strong>&nbsp;Einzel- und Vereinstraining &#8230;<\/li>\r\n<\/ul>\r\n\r\n\r\n\r\n<p>Das Trainerteam verst\u00e4rken &#8230;<\/p>\r\n\r\n\r\n\r\n<ul class=\"wp-block-list\">\r\n<li>Florian Fuchs, &#8230; Breitenssport, Vereinstraining<\/li>\r\n<\/ul>\r\n\r\n\r\n\r\n<p>&nbsp;<\/p>\r\n\r\n\r\n\r\n<h1 class=\"wp-block-heading\">Speed-Tennis &#8211; das \u201eGeheimrezept\u201c \u2026<\/h1>\r\n\r\n\r\n\r\n<p>\u201eDer spielerische Zugang mit Softball im Kleinfeld mit sofortigem Erfolg\u201c. Kleinfeldtennis, auch Speed-Tennis genannt, macht seinem Namen alle Ehre:<br>Im Sinne von \u201eSpeed\u201c erlernen Einsteiger sehr schnell und unkompliziert den Umgang mit Ball und Schl\u00e4ger. Das Spielen im Kleinfeld f\u00f6rdert Koordination, Geschicklichkeit, Beweglichkeit und Spielwitz. Und \u2013 das Wichtigste: Kleinfeldtennis macht jede Menge Spa\u00df \u2013 das gilt sowohl f\u00fcr Einsteiger als auch Profis, Kinder und Erwachsene, Familien, Schulen und Firmen.<br>Technische Daten:<\/p>\r\n\r\n\r\n\r\n<ul class=\"wp-block-list\">\r\n<li>Kleinfeldtennis-Fl\u00e4che: 30 m\u00b2 (bzw. individuell je nach vorhandenem Platzangebot)<\/li>\r\n<li>Ausr\u00fcstung: Netze. Abgrenzung, Softb\u00e4lle; Tennisschl\u00e4ger (werden bei Bedarf bereit gestellt)<\/li>\r\n<\/ul>\r\n\r\n\r\n\r\n<p>&nbsp;<\/p>\r\n\r\n\r\n\r\n<h1 class=\"wp-block-heading\">Weitere Leistungen \u2026<\/h1>\r\n\r\n\r\n\r\n<p>Einzel- und Gruppentraining, wetterunabh\u00e4ngig in der Tennishalle, &#8230;<br>Technikprofil, Schl\u00e4gertest, Info-Abende, &#8230;<br>Material wird auf Wunsch zur Verf\u00fcgung gestellt<\/p>\r\n","protected":false},"excerpt":{"rendered":"<p>Das Besondere an LCTS Tennisschule mit Ganzjahresbetrieb \u2026 Einsteiger und Profis k\u00f6nnen das Angebot der&nbsp;Little Champ Tennisschule&nbsp;sowohl in Form von Sommercamps oder Trainingsbl\u00f6cken, als auch \u00fcber einen l\u00e4ngeren Zeitraum in Anspruch nehmen. Gemeinsam werden Trainingsziele definiert, altersgerechte Trainingsschwerpunkte gesetzt und durch methodische Lehr- und Unterrichtshilfen unterst\u00fctzt. Das Training verl\u00e4uft ganzheitlich, kontinuierlich, nachhaltig \u2013 und ohne [&hellip;]<\/p>\n","protected":false},"author":3,"featured_media":0,"parent":106,"menu_order":0,"comment_status":"closed","ping_status":"closed","template":"","meta":{"ngg_post_thumbnail":0,"footnotes":""},"class_list":["post-20","page","type-page","status-publish","hentry"],"_links":{"self":[{"href":"https:\/\/littlechamp.at\/index.php?rest_route=\/wp\/v2\/pages\/20","targetHints":{"allow":["GET"]}}],"collection":[{"href":"https:\/\/littlechamp.at\/index.php?rest_route=\/wp\/v2\/pages"}],"about":[{"href":"https:\/\/littlechamp.at\/index.php?rest_route=\/wp\/v2\/types\/page"}],"author":[{"embeddable":true,"href":"https:\/\/littlechamp.at\/index.php?rest_route=\/wp\/v2\/users\/3"}],"replies":[{"embeddable":true,"href":"https:\/\/littlechamp.at\/index.php?rest_route=%2Fwp%2Fv2%2Fcomments&post=20"}],"version-history":[{"count":10,"href":"https:\/\/littlechamp.at\/index.php?rest_route=\/wp\/v2\/pages\/20\/revisions"}],"predecessor-version":[{"id":381,"href":"https:\/\/littlechamp.at\/index.php?rest_route=\/wp\/v2\/pages\/20\/revisions\/381"}],"up":[{"embeddable":true,"href":"https:\/\/littlechamp.at\/index.php?rest_route=\/wp\/v2\/pages\/106"}],"wp:attachment":[{"href":"https:\/\/littlechamp.at\/index.php?rest_route=%2Fwp%2Fv2%2Fmedia&parent=20"}],"curies":[{"name":"wp","href":"https:\/\/api.w.org\/{rel}","templated":true}]}}