{"id":106,"date":"2019-11-23T18:34:45","date_gmt":"2019-11-23T17:34:45","guid":{"rendered":"https:\/\/littlechamp.simpleclicks.at\/?page_id=106"},"modified":"2020-06-30T14:09:32","modified_gmt":"2020-06-30T12:09:32","slug":"ueber-littel-champ","status":"publish","type":"page","link":"https:\/\/littlechamp.at\/?page_id=106","title":{"rendered":"\u00dcber Little Champ"},"content":{"rendered":"\r\n<h1 class=\"wp-block-heading\">\u00dcber Little Champ<\/h1>\r\n\r\n\r\n\r\n<p>Little Champ ist eine Tennisschule mit Sitz in St. Veit\/Glan in K\u00e4rnten. Seit Dezember 2003 wird&nbsp;auf spielerische Weise die Faszination und Begeisterung f\u00fcr Tennis geweckt. Das f\u00f6rdert&nbsp;den Umgang mit Ball und Schl\u00e4ger, Koordination und Beweglichkeit&nbsp;\u2013 und das f\u00fcr jede Altersstufe.<\/p>\r\n\r\n\r\n\r\n<figure class=\"wp-block-image\"><img loading=\"lazy\" decoding=\"async\" width=\"640\" height=\"480\" class=\"wp-image-144\" src=\"https:\/\/littlechamp.simpleclicks.at\/wp-content\/uploads\/2019\/12\/Littlechampo_\u00fcber.jpg\" alt=\"\" srcset=\"https:\/\/littlechamp.at\/wp-content\/uploads\/2019\/12\/Littlechampo_\u00fcber.jpg 640w, https:\/\/littlechamp.at\/wp-content\/uploads\/2019\/12\/Littlechampo_\u00fcber-300x225.jpg 300w, https:\/\/littlechamp.at\/wp-content\/uploads\/2019\/12\/Littlechampo_\u00fcber-380x285.jpg 380w\" sizes=\"auto, (max-width: 640px) 100vw, 640px\" \/><\/figure>\r\n\r\n\r\n\r\n<h1 class=\"wp-block-heading\">Speziell f\u00fcr Unternehmen &#8230;<\/h1>\r\n\r\n\r\n\r\n<p>&#8230; bieten wir&nbsp;Firmenevents mit Speed-Tennisaktivit\u00e4ten im Tenniscenter K\u00f6lnhof oder an einem Ort Ihrer Wahl.&nbsp;&nbsp;&nbsp;&nbsp;&nbsp;&nbsp;&nbsp;<\/p>\r\n\r\n\r\n\r\n<p><em>&nbsp;Unser Motto:&nbsp;<a href=\"https:\/\/littlechamp.at\/speed-tennis-meets-company\/\">\u201eSie feiern, wir k\u00fcmmern uns um die Details!\u201c<\/a><br><br><\/em><\/p>\r\n<div class=\"csc-header csc-header-n3\">\r\n<h1>Ihr LERN-Ziel <br>bestimmt unseren gemeinsamen Weg &#8230;<\/h1>\r\n<\/div>\r\n<div class=\"csc-textpic csc-textpic-intext-left csc-textpic-border csc-textpic-equalheight\">\r\n<div class=\"csc-textpic-imagewrap csc-textpic-single-image\">Starten wir mit der Frage:&nbsp;<b>&#8222;Was ist LERNEN eigentlich?&#8220;<\/b><\/div>\r\n<div class=\"csc-textpic-text\">\r\n<p class=\"bodytext\">Sogar Spezialisten haben&nbsp;Schwierigkeiten mit einer genauen Definition des Begriffs LERNEN. <br>Es geht dabei um einen&nbsp;<b>Ver\u00e4nderungsprozess<\/b>, der als&nbsp;<b>Ergebnis individueller Erfahrung<\/b>&nbsp;auftritt. (Mazur 2004: 12)&nbsp;<\/p>\r\n<p class=\"bodytext\">Diese&nbsp;<b>Erfahrung<\/b>&nbsp;(das Vorwissen bzw. K\u00f6nnen) ist unterschiedlich vorhanden. An&nbsp;dieses individuell mitgebrachte&nbsp;K\u00f6nnen kn\u00fcpft die Little Champ-Trainingsphilosophie an. Daraus folgt &#8230;<\/p>\r\n<p class=\"bodytext\">Ausgangspunkt&nbsp;f\u00fcr Ihr\/Dein neues Lernziel&nbsp;ist:<br><b>&#8222;An (Ihr\/Dein) Bekanntes (Wissen, K\u00f6nnen)&nbsp;ankn\u00fcpfen.&#8220;<\/b><\/p>\r\n<p class=\"bodytext\">Eine Grundfrage f\u00fcr alle Lernprozesse ist:<br>&#8222;Wie sollen Informationen beschaffen sein, damit diese durch den doppelten Filter des sensorischen Registers (Ultra-Kurzzeitged\u00e4chtnis)&nbsp;und des Arbeitsged\u00e4chtnisses (Kurzzeitged\u00e4chtnis)&nbsp;im Langzeitged\u00e4chtnis gespeichert werden k\u00f6nnen?&#8220;&nbsp;<br>Hier spielen die&nbsp;<b>Motivation<\/b>, die beteiligten&nbsp;<b>Emotionen<\/b>, die&nbsp;<b>Wiederholungsrate<\/b>&nbsp;und die&nbsp;<b>Verarbeitungstiefe<\/b>&nbsp;&#8211; neben der Beteiligung mehrerer Sinne &#8211; eine spezifische Rolle. <br>Daraus abgeleitet die Little Champ Trainingsprinzipien: Das sind &#8230;<\/p>\r\n<ul>\r\n<li>realit\u00e4tsbezogene Spiel- und Trainings\u00fcbungen&nbsp;<\/li>\r\n<li>lernen durch Tun, durch Experimente und Erfahrung<\/li>\r\n<li>kooperatives, soziales Lernen (mit Partner, spiel- und aufgabenorientiert)<\/li>\r\n<li>das neue K\u00f6nnen bzw. Verhalten steht als Lernziel (Ergebnis) im Vordergrund.<\/li>\r\n<\/ul>\r\n<p class=\"bodytext\">Das Tennisspiel lebt von herausfordernden Ballwechseln. Bis es soweit ist, will diese faszinierende Sportart &#8222;zielgerichtet und spielorientiert&#8220; ge\u00fcbt werden. Am besten in der Little Champ Tennisschule.&nbsp;<\/p>\r\n<p class=\"bodytext\">Sie wollen gerne mehr dar\u00fcber erfahren?&nbsp;<br><a class=\"internal-link\" title=\"\u00d6ffnet internen Link im aktuellen Fenster\" href=\"https:\/\/littlechamp.at\/kontakt\/\">Hier starten Sie Ihr pers\u00f6nliches Trainingsprogramm.<\/a><\/p>\r\n<\/div>\r\n<\/div>\r\n\r\n\r\n\r\n<h1 class=\"wp-block-heading\">Zielgruppen und Leistungen<\/h1>\r\n\r\n\r\n\r\n<ul class=\"wp-block-list\">\r\n<li><a href=\"https:\/\/littlechamp.at\/das-besondere-an-lcts\/\" target=\"_blank\" rel=\"noreferrer noopener\" aria-label=\" (\u00f6ffnet in neuem Tab)\">Das Besondere an LCTS<\/a><\/li>\r\n<li><a href=\"https:\/\/littlechamp.at\/?page_id=22\" target=\"_blank\" rel=\"noreferrer noopener\" aria-label=\" (\u00f6ffnet in neuem Tab)\">Kinder- und Jugendtennis<\/a><\/li>\r\n<li><a href=\"https:\/\/littlechamp.at\/trainerstunden-2\/\">Trainerstunden<\/a><\/li>\r\n<li><a href=\"https:\/\/littlechamp.at\/familientennis\/\" target=\"_blank\" rel=\"noreferrer noopener\" aria-label=\" (\u00f6ffnet in neuem Tab)\">Familientennis<\/a><\/li>\r\n<li><a href=\"https:\/\/littlechamp.at\/schultennis\/\" target=\"_blank\" rel=\"noreferrer noopener\" aria-label=\" (\u00f6ffnet in neuem Tab)\">Schultennis<\/a><\/li>\r\n<li><a href=\"https:\/\/littlechamp.at\/unternehmen-in-bewegung\/\" target=\"_blank\" rel=\"noreferrer noopener\" aria-label=\" (\u00f6ffnet in neuem Tab)\">Unternehmen in Bewegung<\/a><\/li>\r\n<li><a href=\"https:\/\/littlechamp.at\/?page_id=32\" target=\"_blank\" rel=\"noreferrer noopener\" aria-label=\" (\u00f6ffnet in neuem Tab)\">Fotos<\/a><\/li>\r\n<\/ul>\r\n","protected":false},"excerpt":{"rendered":"<p>\u00dcber Little Champ Little Champ ist eine Tennisschule mit Sitz in St. Veit\/Glan in K\u00e4rnten. Seit Dezember 2003 wird&nbsp;auf spielerische Weise die Faszination und Begeisterung f\u00fcr Tennis geweckt. Das f\u00f6rdert&nbsp;den Umgang mit Ball und Schl\u00e4ger, Koordination und Beweglichkeit&nbsp;\u2013 und das f\u00fcr jede Altersstufe. Speziell f\u00fcr Unternehmen &#8230; &#8230; bieten wir&nbsp;Firmenevents mit Speed-Tennisaktivit\u00e4ten im Tenniscenter K\u00f6lnhof [&hellip;]<\/p>\n","protected":false},"author":3,"featured_media":0,"parent":0,"menu_order":0,"comment_status":"closed","ping_status":"closed","template":"","meta":{"ngg_post_thumbnail":0,"footnotes":""},"class_list":["post-106","page","type-page","status-publish","hentry"],"_links":{"self":[{"href":"https:\/\/littlechamp.at\/index.php?rest_route=\/wp\/v2\/pages\/106","targetHints":{"allow":["GET"]}}],"collection":[{"href":"https:\/\/littlechamp.at\/index.php?rest_route=\/wp\/v2\/pages"}],"about":[{"href":"https:\/\/littlechamp.at\/index.php?rest_route=\/wp\/v2\/types\/page"}],"author":[{"embeddable":true,"href":"https:\/\/littlechamp.at\/index.php?rest_route=\/wp\/v2\/users\/3"}],"replies":[{"embeddable":true,"href":"https:\/\/littlechamp.at\/index.php?rest_route=%2Fwp%2Fv2%2Fcomments&post=106"}],"version-history":[{"count":20,"href":"https:\/\/littlechamp.at\/index.php?rest_route=\/wp\/v2\/pages\/106\/revisions"}],"predecessor-version":[{"id":378,"href":"https:\/\/littlechamp.at\/index.php?rest_route=\/wp\/v2\/pages\/106\/revisions\/378"}],"wp:attachment":[{"href":"https:\/\/littlechamp.at\/index.php?rest_route=%2Fwp%2Fv2%2Fmedia&parent=106"}],"curies":[{"name":"wp","href":"https:\/\/api.w.org\/{rel}","templated":true}]}}